{"id":3932,"date":"2026-01-19T11:28:17","date_gmt":"2026-01-19T11:28:17","guid":{"rendered":"https:\/\/casapalaciocadiz.com\/?page_id=3932"},"modified":"2026-01-22T09:03:12","modified_gmt":"2026-01-22T09:03:12","slug":"avviso-legale","status":"publish","type":"page","link":"https:\/\/casapalaciocadiz.com\/it\/avviso-legale\/","title":{"rendered":"Aviso Legal IT"},"content":{"rendered":"<div data-elementor-type=\"wp-page\" data-elementor-id=\"3932\" class=\"elementor elementor-3932\" data-elementor-post-type=\"page\">\n\t\t\t\t\t\t<section class=\"elementor-section elementor-top-section elementor-element elementor-element-b01495a elementor-section-height-min-height elementor-section-full_width elementor-section-items-stretch elementor-section-content-middle elementor-section-height-default\" data-id=\"b01495a\" data-element_type=\"section\" data-e-type=\"section\" data-settings=\"{&quot;background_background&quot;:&quot;classic&quot;}\">\n\t\t\t\t\t\t\t<div class=\"elementor-background-overlay\"><\/div>\n\t\t\t\t\t\t\t<div class=\"elementor-container elementor-column-gap-default\">\n\t\t\t\t\t<div class=\"elementor-column elementor-col-100 elementor-top-column elementor-element elementor-element-582ff3b\" data-id=\"582ff3b\" data-element_type=\"column\" data-e-type=\"column\" data-settings=\"{&quot;background_background&quot;:&quot;slideshow&quot;,&quot;background_slideshow_gallery&quot;:[],&quot;background_slideshow_loop&quot;:&quot;yes&quot;,&quot;background_slideshow_slide_duration&quot;:5000,&quot;background_slideshow_slide_transition&quot;:&quot;fade&quot;,&quot;background_slideshow_transition_duration&quot;:500}\">\n\t\t\t<div class=\"elementor-widget-wrap elementor-element-populated\">\n\t\t\t\t\t\t<div class=\"elementor-element elementor-element-e7462e1 elementor-widget elementor-widget-heading\" data-id=\"e7462e1\" data-element_type=\"widget\" data-e-type=\"widget\" data-widget_type=\"heading.default\">\n\t\t\t\t<div class=\"elementor-widget-container\">\n\t\t\t\t\t<h1 class=\"elementor-heading-title elementor-size-default\">Avviso legale<\/h1>\t\t\t\t<\/div>\n\t\t\t\t<\/div>\n\t\t\t\t\t<\/div>\n\t\t<\/div>\n\t\t\t\t\t<\/div>\n\t\t<\/section>\n\t\t\t\t<section class=\"elementor-section elementor-top-section elementor-element elementor-element-8080bc5 elementor-section-boxed elementor-section-height-default elementor-section-height-default\" data-id=\"8080bc5\" data-element_type=\"section\" data-e-type=\"section\">\n\t\t\t\t\t\t<div class=\"elementor-container elementor-column-gap-default\">\n\t\t\t\t\t<div class=\"elementor-column elementor-col-100 elementor-top-column elementor-element elementor-element-e664d33\" data-id=\"e664d33\" data-element_type=\"column\" data-e-type=\"column\">\n\t\t\t<div class=\"elementor-widget-wrap elementor-element-populated\">\n\t\t\t\t\t\t<div class=\"elementor-element elementor-element-45e5908 elementor-widget elementor-widget-heading\" data-id=\"45e5908\" data-element_type=\"widget\" data-e-type=\"widget\" data-widget_type=\"heading.default\">\n\t\t\t\t<div class=\"elementor-widget-container\">\n\t\t\t\t\t<h1 class=\"elementor-heading-title elementor-size-xl\">Avviso legale<\/h1>\t\t\t\t<\/div>\n\t\t\t\t<\/div>\n\t\t\t\t<div class=\"elementor-element elementor-element-163b70d elementor-widget elementor-widget-text-editor\" data-id=\"163b70d\" data-element_type=\"widget\" data-e-type=\"widget\" data-widget_type=\"text-editor.default\">\n\t\t\t\t<div class=\"elementor-widget-container\">\n\t\t\t\t\t\t\t\t\t<p>Il proprietario di questo sito web \u00e8: casapalaciocadiz.com Iscritto nel Registro Ufficiale del Turismo dell&#8217;Andalusia: A-CA-00211 (Casa Palacio) e A-CA-00368 (Antiguo Balneario)<br \/>con CIF B91916700, telefono (+34) 697 236 749 ed e-mail info@rodrigueznormand.es .<\/p><p>Il codice sorgente, i disegni grafici, le informazioni e i contenuti che appaiono su questo sito web sono protetti dai diritti di propriet\u00e0 intellettuale e industriale appartenenti al proprietario del sito web o, se del caso, di propriet\u00e0 di persone e entit\u00e0 terze, e non possono essere utilizzati senza l&#8217;autorizzazione scritta delle entit\u00e0 proprietarie.<\/p><p>L&#8217;utente pu\u00f2 utilizzare il materiale qui presente esclusivamente per uso personale e privato, purch\u00e9 rispetti tutti i diritti di propriet\u00e0 intellettuale, industriale e altri diritti di propriet\u00e0, essendo pertanto severamente vietata la riproduzione o qualsiasi altro tipo di utilizzo a fini commerciali o per intraprendere attivit\u00e0 illecite; la distribuzione, la diffusione, nonch\u00e9 la modifica, l&#8217;alterazione, la decompilazione o l&#8217;archiviazione per qualsiasi scopo.<\/p><p>I proprietari perseguiranno il mancato rispetto delle condizioni di cui sopra, nonch\u00e9 qualsiasi uso improprio dei contenuti presentati, esercitando tutte le azioni civili e penali che ritengono opportune.<\/p><p>L&#8217;utilizzo di questo sito web implica il trattamento dei dati personali da parte del suo proprietario per la fornitura dello stesso, in conformit\u00e0 con quanto stabilito nella sezione <a href=\"https:\/\/casapalaciocadiz.com\/it\/informativa-sulla-privacy\/\">politica sulla privacy<\/a>, dove sono riportate informazioni dettagliate e diritti. Per informazioni sull&#8217;uso dei cookie, l&#8217;utente pu\u00f2 consultare la <a href=\"https:\/\/casapalaciocadiz.com\/it\/politica-sui-cookie\/\">politica sui cookie<\/a>.<\/p><p>Ai sensi del Regolamento (UE) n. 524\/2013 del Parlamento Europeo e del Consiglio, del 21 maggio 2013, relativo alla risoluzione delle controversie online in materia di consumo, \u201cCasaPalaciosC\u00e1diz\u201d informa che, in caso di controversia, gli utenti residenti nell&#8217;Unione Europea potranno rivolgersi alla \u201cPiattaforma online per la risoluzione delle controversie\u201d sviluppata dalla Commissione Europea, al fine di tentare di risolvere in via extragiudiziale qualsiasi controversia derivante dalla prestazione di servizi da parte di \u201cCasaPalaciosC\u00e1diz\u201d.<\/p><p>Per accedere alla \u201cPiattaforma online per la risoluzione delle controversie\u201d \u00e8 possibile utilizzare il seguente link: http:\/\/ec.europa.eu\/consumers\/odr\/\u00a0<\/p>\t\t\t\t\t\t\t\t<\/div>\n\t\t\t\t<\/div>\n\t\t\t\t\t<\/div>\n\t\t<\/div>\n\t\t\t\t\t<\/div>\n\t\t<\/section>\n\t\t\t\t<\/div>","protected":false},"excerpt":{"rendered":"<p>Avviso legale Avviso legale Il proprietario di questo sito web \u00e8: casapalaciocadiz.com Iscritto nel Registro Ufficiale del Turismo dell&#8217;Andalusia: A-CA-00211 (Casa Palacio) e A-CA-00368 (Antiguo Balneario)con CIF B91916700, telefono (+34) 697 236 749 ed e-mail info@rodrigueznormand.es . Il codice sorgente, i disegni grafici, le informazioni e i contenuti che appaiono su questo sito web sono [&hellip;]<\/p>\n","protected":false},"author":1,"featured_media":0,"parent":0,"menu_order":0,"comment_status":"closed","ping_status":"closed","template":"","meta":{"footnotes":""},"class_list":["post-3932","page","type-page","status-publish","hentry"],"_links":{"self":[{"href":"https:\/\/casapalaciocadiz.com\/it\/wp-json\/wp\/v2\/pages\/3932","targetHints":{"allow":["GET"]}}],"collection":[{"href":"https:\/\/casapalaciocadiz.com\/it\/wp-json\/wp\/v2\/pages"}],"about":[{"href":"https:\/\/casapalaciocadiz.com\/it\/wp-json\/wp\/v2\/types\/page"}],"author":[{"embeddable":true,"href":"https:\/\/casapalaciocadiz.com\/it\/wp-json\/wp\/v2\/users\/1"}],"replies":[{"embeddable":true,"href":"https:\/\/casapalaciocadiz.com\/it\/wp-json\/wp\/v2\/comments?post=3932"}],"version-history":[{"count":8,"href":"https:\/\/casapalaciocadiz.com\/it\/wp-json\/wp\/v2\/pages\/3932\/revisions"}],"predecessor-version":[{"id":4118,"href":"https:\/\/casapalaciocadiz.com\/it\/wp-json\/wp\/v2\/pages\/3932\/revisions\/4118"}],"wp:attachment":[{"href":"https:\/\/casapalaciocadiz.com\/it\/wp-json\/wp\/v2\/media?parent=3932"}],"curies":[{"name":"wp","href":"https:\/\/api.w.org\/{rel}","templated":true}]}}