{"id":3914,"date":"2026-01-19T11:03:31","date_gmt":"2026-01-19T11:03:31","guid":{"rendered":"https:\/\/casapalaciocadiz.com\/?page_id=3914"},"modified":"2026-01-19T11:12:32","modified_gmt":"2026-01-19T11:12:32","slug":"informativa-sulla-privacy","status":"publish","type":"page","link":"https:\/\/casapalaciocadiz.com\/it\/informativa-sulla-privacy\/","title":{"rendered":"Politica de Privacidad IT"},"content":{"rendered":"<div data-elementor-type=\"wp-page\" data-elementor-id=\"3914\" class=\"elementor elementor-3914\" data-elementor-post-type=\"page\">\n\t\t\t\t\t\t<section class=\"elementor-section elementor-top-section elementor-element elementor-element-d7df16e elementor-section-full_width elementor-section-height-min-height elementor-section-items-stretch elementor-section-content-middle elementor-section-height-default\" data-id=\"d7df16e\" data-element_type=\"section\" data-e-type=\"section\" data-settings=\"{&quot;background_background&quot;:&quot;classic&quot;}\">\n\t\t\t\t\t\t\t<div class=\"elementor-background-overlay\"><\/div>\n\t\t\t\t\t\t\t<div class=\"elementor-container elementor-column-gap-default\">\n\t\t\t\t\t<div class=\"elementor-column elementor-col-100 elementor-top-column elementor-element elementor-element-22ffac0\" data-id=\"22ffac0\" data-element_type=\"column\" data-e-type=\"column\">\n\t\t\t<div class=\"elementor-widget-wrap elementor-element-populated\">\n\t\t\t\t\t\t<div class=\"elementor-element elementor-element-f25bc67 elementor-widget elementor-widget-heading\" data-id=\"f25bc67\" data-element_type=\"widget\" data-e-type=\"widget\" data-widget_type=\"heading.default\">\n\t\t\t\t<div class=\"elementor-widget-container\">\n\t\t\t\t\t<h1 class=\"elementor-heading-title elementor-size-default\">Informativa sulla privacy<\/h1>\t\t\t\t<\/div>\n\t\t\t\t<\/div>\n\t\t\t\t<div class=\"elementor-element elementor-element-0f7723b elementor-widget elementor-widget-heading\" data-id=\"0f7723b\" data-element_type=\"widget\" data-e-type=\"widget\" data-widget_type=\"heading.default\">\n\t\t\t\t<div class=\"elementor-widget-container\">\n\t\t\t\t\t<h4 class=\"elementor-heading-title elementor-size-default\">Casa Palacio C\u00e1diz <\/h4>\t\t\t\t<\/div>\n\t\t\t\t<\/div>\n\t\t\t\t\t<\/div>\n\t\t<\/div>\n\t\t\t\t\t<\/div>\n\t\t<\/section>\n\t\t\t\t<section class=\"elementor-section elementor-top-section elementor-element elementor-element-c935825 elementor-section-boxed elementor-section-height-default elementor-section-height-default\" data-id=\"c935825\" data-element_type=\"section\" data-e-type=\"section\">\n\t\t\t\t\t\t<div class=\"elementor-container elementor-column-gap-default\">\n\t\t\t\t\t<div class=\"elementor-column elementor-col-100 elementor-top-column elementor-element elementor-element-36684c5\" data-id=\"36684c5\" data-element_type=\"column\" data-e-type=\"column\">\n\t\t\t<div class=\"elementor-widget-wrap elementor-element-populated\">\n\t\t\t\t\t\t<div class=\"elementor-element elementor-element-3bca858 elementor-widget elementor-widget-heading\" data-id=\"3bca858\" data-element_type=\"widget\" data-e-type=\"widget\" data-widget_type=\"heading.default\">\n\t\t\t\t<div class=\"elementor-widget-container\">\n\t\t\t\t\t<h4 class=\"elementor-heading-title elementor-size-large\">Informazioni sulla politica sulla privacy<\/h4>\t\t\t\t<\/div>\n\t\t\t\t<\/div>\n\t\t\t\t<div class=\"elementor-element elementor-element-cb73a0e elementor-widget elementor-widget-text-editor\" data-id=\"cb73a0e\" data-element_type=\"widget\" data-e-type=\"widget\" data-widget_type=\"text-editor.default\">\n\t\t\t\t<div class=\"elementor-widget-container\">\n\t\t\t\t\t\t\t\t\t<p>Casa Palacios C\u00e1diz, responsabile del sito web, di seguito RESPONSABILE, mette a disposizione degli utenti il presente documento, con il quale intende adempiere agli obblighi previsti dalla Legge 34\/2002, dell&#8217;11 luglio, sui Servizi della Societ\u00e0 dell&#8217;Informazione e del Commercio Elettronico (LSSICE), nonch\u00e9 informare tutti gli utenti del sito web in merito alle condizioni d&#8217;uso.<\/p><p>Chiunque acceda a questo sito web assume il ruolo di utente, impegnandosi a rispettare e adempiere rigorosamente alle disposizioni qui stabilite, nonch\u00e9 a qualsiasi altra disposizione legale applicabile.<\/p><p>Casa Palacios C\u00e1diz si riserva il diritto di modificare qualsiasi tipo di informazione che possa apparire sul sito web, senza alcun obbligo di preavviso o di informare gli utenti di tali obblighi, ritenendo sufficiente la pubblicazione sul sito web di Casa Palacios C\u00e1diz.<\/p><p><strong>1. DATI IDENTIFICATIVI<\/strong><\/p><p>Denominazione sociale: RODRIGUEZ NORMAND, S.L.<br \/>Nome commerciale: Casa Palacio C\u00e1diz<br \/>BIC: BSCHESMM<\/p><p>Sede legale: Calle Ancha, 13. 11004. Cadice. Spagna<br \/>E-mail: info@rodrigueznormand.es<\/p><p>CIF: B91916700<\/p><p>Ubicazione Casa Palacio: Calle Ancha, 13. 11004. Cadice. Spagna<\/p><p>Ubicazione Antiguo Balneario: Calle Dorotea, 5, 11009. Cadice, Spagna<\/p><p><strong>2. FINALIT\u00c0<\/strong><\/p><p>Attraverso il Sito Web, offriamo agli Utenti la possibilit\u00e0 di accedere alle informazioni relative ai nostri servizi.<\/p><p><strong>3. PRIVACY E TRATTAMENTO DEI DATI<\/strong><\/p><p>Quando per accedere a determinati contenuti o servizi \u00e8 necessario fornire dati personali, gli Utenti devono garantirne la veridicit\u00e0, l&#8217;accuratezza, l&#8217;autenticit\u00e0 e la validit\u00e0. La societ\u00e0 tratter\u00e0 tali dati in modo automatizzato in base alla loro natura o finalit\u00e0, secondo i termini indicati nella sezione Informativa sulla privacy.<\/p><p><strong>4. PROPRIET\u00c0 INDUSTRIALE E INTELLETTUALE<\/strong><\/p><p>L&#8217;Utente riconosce e accetta che tutti i contenuti visualizzati sul sito web, e in particolare i disegni, i testi, le immagini, i loghi, le icone, pulsanti, software, nomi commerciali, marchi o qualsiasi altro segno suscettibile di uso industriale e\/o commerciale, sono soggetti a diritti di propriet\u00e0 intellettuale e che tutti i marchi, nomi commerciali o segni distintivi, tutti i diritti di propriet\u00e0 industriale e intellettuale sui contenuti e\/o qualsiasi altro elemento inserito nella pagina, sono di propriet\u00e0 esclusiva della societ\u00e0 e\/o di terzi, che hanno il diritto esclusivo di utilizzarli nel traffico economico.<\/p><p>Pertanto, l&#8217;Utente si impegna a non riprodurre, copiare, distribuire, mettere a disposizione o in qualsiasi altro modo comunicare pubblicamente, trasformare o modificare tali contenuti, sollevando la societ\u00e0 da qualsiasi responsabilit\u00e0 derivante dalla violazione di tali obblighi. In nessun caso l&#8217;accesso al Sito implica alcun tipo di rinuncia, trasferimento, licenza o cessione totale o parziale di tali diritti, salvo espressa indicazione contraria. Le presenti Condizioni Generali di Utilizzo del Sito Web non conferiscono agli Utenti alcun altro diritto di utilizzo, risorse umane, alterazione, sfruttamento, riproduzione, distribuzione o comunicazione pubblica del Sito Web e\/o dei suoi Contenuti oltre a quelli espressamente previsti nel presente documento. Qualsiasi altro utilizzo o sfruttamento di qualsiasi diritto sar\u00e0 soggetto alla previa ed espressa autorizzazione specificamente concessa a tal fine dalla societ\u00e0 o dal terzo titolare dei diritti in questione.<\/p><p>I contenuti, i testi, le fotografie, i disegni, i loghi, le immagini, i programmi informatici, i codici sorgente e, in generale, qualsiasi creazione intellettuale esistente in questo Spazio, cos\u00ec come lo Spazio stesso nel suo complesso, in quanto opera artistica multimediale, sono protetti dal diritto d&#8217;autore dalla legislazione sulla propriet\u00e0 intellettuale. La societ\u00e0 \u00e8 proprietaria degli elementi che compongono il design grafico del sito web, i menu, i pulsanti di navigazione, il codice HTML, i testi, le immagini, le texture, la grafica e qualsiasi altro contenuto del sito web o, in ogni caso, dispone della corrispondente autorizzazione per l&#8217;uso di tali elementi. Il contenuto fornito sul sito web non pu\u00f2 essere riprodotto in tutto o in parte, trasmesso o registrato da alcun sistema di recupero informazioni, in qualsiasi forma o con qualsiasi mezzo, salvo previa autorizzazione scritta da parte della suddetta Entit\u00e0.<\/p><p>\u00c8 inoltre vietato rimuovere, eludere e\/o manipolare il copyright, i dispositivi tecnici di protezione o qualsiasi meccanismo informativo che possa essere contenuto nei contenuti. Gli utenti di questo sito web si impegnano a rispettare i diritti qui stabiliti e ad astenersi da qualsiasi azione che possa violarli. La societ\u00e0 si riserva il diritto di esercitare qualsiasi mezzo o azione legale a sua disposizione per difendere i propri legittimi diritti di propriet\u00e0 intellettuale e industriale.<\/p><p><strong>5. OBBLIGHI E RESPONSABILIT\u00c0 DELL&#8217;UTENTE DEL SITO WEB<\/strong><\/p><p>L&#8217;utente si impegna a:<\/p><p>Fare un uso appropriato e lecito del sito web e dei suoi contenuti e servizi, in conformit\u00e0 con: (i) la legislazione applicabile in ogni momento; (ii) le Condizioni generali di utilizzo del sito web; (iii) la morale e i buoni costumi generalmente accettati; e (iv) l&#8217;ordine pubblico.<br \/>Fornire tutti i mezzi tecnici e i requisiti necessari per accedere al sito web.<\/p><p>Fornire informazioni accurate quando si compilano i moduli contenuti nel sito web con i propri dati personali e mantenerli aggiornati in ogni momento in modo che riflettano la situazione reale dell&#8217;utente in ogni momento. L&#8217;utente sar\u00e0 l&#8217;unico responsabile di eventuali dichiarazioni false o inesatte e di eventuali danni causati alla societ\u00e0 o a terzi dalle informazioni fornite.<br \/>Fatte salve le disposizioni della sezione precedente,<\/p><p>Fare un uso non autorizzato o fraudolento del sito web e\/o dei suoi contenuti per scopi o effetti illegali, proibiti nelle presenti Condizioni generali d&#8217;uso, lesivi dei diritti e degli interessi di terzi, o che in qualsiasi modo possano danneggiare, disabilitare, sovraccaricare, compromettere o impedire il normale utilizzo dei servizi o dei documenti, file e tutti i tipi di contenuti memorizzati su qualsiasi apparecchiatura informatica.<br \/>Accedere o tentare di accedere a risorse o aree riservate del sito web senza rispettare le condizioni richieste per tale accesso.<br \/>Causare danni ai sistemi fisici o logici del sito web, dei suoi fornitori o di terzi.<\/p><p>Introdurre o diffondere virus informatici o qualsiasi altro sistema fisico o logico in grado di causare danni ai sistemi fisici o logici dell&#8217;azienda, dei suoi fornitori o di terzi.<br \/>Tentare di accedere, utilizzare e\/o manipolare i dati dell&#8217;azienda, dei fornitori terzi e degli altri Utenti.<\/p><p>Riprodurre o copiare, distribuire, consentire l&#8217;accesso al pubblico attraverso qualsiasi forma di comunicazione pubblica, trasformare o modificare i contenuti, salvo autorizzazione del titolare dei diritti corrispondenti o salvo che ci\u00f2 sia legalmente consentito.<br \/>Eliminare, nascondere o manipolare le note sui diritti di propriet\u00e0 intellettuale o industriale e altri dati identificativi dei diritti dell&#8217;azienda o di terzi incorporati nei contenuti, nonch\u00e9 i dispositivi tecnici di protezione o qualsiasi meccanismo di informazione che possa essere inserito nei contenuti.<br \/>Ottenere e tentare di ottenere i contenuti utilizzando mezzi o procedure diversi da quelli che, a seconda dei casi, sono stati messi a disposizione a tale scopo o sono stati espressamente indicati nelle pagine web in cui si trovano i contenuti o, in generale, da quelli normalmente utilizzati in Internet perch\u00e9 non comportano un rischio di danneggiamento o inutilizzazione dello Spazio web e\/o dei contenuti.<\/p><p>In particolare, a titolo puramente indicativo e non esaustivo, l&#8217;Utente si impegna a non trasmettere, diffondere o mettere a disposizione di terzi informazioni, dati, contenuti, messaggi, grafici, disegni, file audio e\/o immagini, fotografie, registrazioni, software e, in generale, qualsiasi tipo di materiale che: \u2022 In qualsiasi modo sia contrario, denigri o violi i diritti fondamentali e le libert\u00e0 pubbliche riconosciuti dalla Costituzione, dai trattati internazionali e dal resto della legislazione vigente.\u2022 Induca, inciti o promuova azioni criminali, denigratorie, diffamatorie, violente o, in generale, contrarie alla legge, alla morale, ai buoni costumi generalmente accettati o all&#8217;ordine pubblico.\u2022 Indurre, incitare o promuovere comportamenti, atteggiamenti o pensieri discriminatori basati su sesso, razza, religione, credo, et\u00e0 o condizione. \u2022 Incorporare, rendere disponibili o consentire l&#8217;accesso a prodotti, elementi, messaggi e\/o servizi criminali, violenti, offensivi, dannosi, degradanti o, in generale, contrari alla legge, alla morale e ai buoni costumi generalmente accettati o all&#8217;ordine pubblico. Indurre o poter indurre uno stato inaccettabile di ansia o paura.\u2022 Indurre o incitare a partecipare a pratiche pericolose, rischiose o nocive per la salute e l&#8217;equilibrio psichico.\u2022 Sia protetto dalla legislazione in materia di protezione intellettuale o industriale appartenente alla societ\u00e0 o a terzi senza che sia stato autorizzato l&#8217;uso che si intende fare.\u2022 Sia contrario all&#8217;onore, alla privacy personale e familiare o all&#8217;immagine delle persone.\u2022 Costituisca qualsiasi tipo di pubblicit\u00e0.\u2022 Includa qualsiasi tipo di virus o programma che impedisca il normale funzionamento dello Spazio Web.<\/p><p>Se per accedere ad alcuni dei servizi e\/o contenuti dello Spazio Web viene fornita una password, l&#8217;utente \u00e8 tenuto a utilizzarla con diligenza, mantenendola segreta in ogni momento. Di conseguenza, sar\u00e0 responsabile della sua adeguata custodia e riservatezza, impegnandosi a non cederla a terzi, in modo temporaneo o permanente, n\u00e9 a consentire l&#8217;accesso ai suddetti servizi e\/o contenuti da parte di persone estranee. Allo stesso modo, l&#8217;utente si impegna a notificare alla societ\u00e0 qualsiasi fatto che possa comportare un uso improprio della propria password, come, a titolo esemplificativo, il furto, lo smarrimento o l&#8217;accesso non autorizzato, al fine di procedere alla sua immediata cancellazione. Di conseguenza, fino a quando non verr\u00e0 effettuata la suddetta notifica, la societ\u00e0 sar\u00e0 esonerata da qualsiasi responsabilit\u00e0 che possa derivare dall&#8217;uso improprio della password, essendo di sua responsabilit\u00e0 qualsiasi utilizzo illecito dei contenuti e\/o dei servizi dello Spazio Web da parte di terzi illegittimi.<\/p><p>In caso di inadempimento negligente o doloso di uno qualsiasi degli obblighi stabiliti nelle presenti Condizioni Generali d&#8217;Uso, l&#8217;utente sar\u00e0 responsabile di tutti i danni e pregiudizi che tale inadempimento potrebbe causare all&#8217;azienda.<\/p><p><strong>6. RESPONSABILIT\u00c0<\/strong><\/p><p>Non si garantisce l&#8217;accesso continuativo, n\u00e9 la corretta visualizzazione, il download o l&#8217;utilit\u00e0 degli elementi e delle informazioni contenuti nel sito web che potrebbero essere impediti, ostacolati o interrotti da fattori o circostanze che esulano dal proprio controllo. Non si risponde delle decisioni che potrebbero essere adottate a seguito dell&#8217;accesso ai contenuti o alle informazioni offerti.<\/p><p>Il servizio potr\u00e0 essere interrotto, o il rapporto con l&#8217;Utente risolto immediatamente, qualora si riscontri un utilizzo dello Spazio Web, o di uno qualsiasi dei servizi ivi offerti, contrario alle presenti Condizioni Generali d&#8217;Uso. Non ci assumiamo alcuna responsabilit\u00e0 per danni, perdite, reclami o spese derivanti dall&#8217;uso dello Spazio Web.<\/p><p>Sar\u00e0 responsabile solo di eliminare, il prima possibile, i contenuti che potrebbero generare tali danni, purch\u00e9 ci\u00f2 venga notificato. In particolare, non saremo responsabili per i danni che potrebbero derivare, tra l&#8217;altro, da:<\/p><p>Interferenze, interruzioni, guasti, omissioni, malfunzionamenti telefonici, ritardi, blocchi o disconnessioni nel funzionamento del sistema elettronico, causati da carenze, sovraccarichi ed errori nelle linee e nelle reti di telecomunicazione, o da qualsiasi altra causa al di fuori del controllo dell&#8217;azienda.<\/p><p>Intromissioni illegittime mediante l&#8217;uso di programmi maligni di qualsiasi tipo e attraverso qualsiasi mezzo di comunicazione, quali virus informatici o altri.<\/p><p>Abuso indebito o inadeguato dello Spazio Web.<br \/>Errori di sicurezza o di navigazione causati da un malfunzionamento del browser o dall&#8217;uso di versioni non aggiornate dello stesso. L&#8217;amministratore dello spazio web si riserva il diritto di rimuovere, in tutto o in parte, qualsiasi contenuto o informazione presente nello spazio web.<br \/>L&#8217;azienda esclude qualsiasi responsabilit\u00e0 per danni e pregiudizi di qualsiasi natura che potrebbero essere dovuti all&#8217;uso improprio dei servizi liberamente disponibili e utilizzabili dagli utenti dello spazio web. Allo stesso modo, \u00e8 esonerata da qualsiasi responsabilit\u00e0 per i contenuti e le informazioni che potrebbero essere ricevuti a seguito dei moduli di raccolta dati, essendo questi ultimi destinati esclusivamente alla fornitura di servizi di consulenza e assistenza. D&#8217;altra parte, in caso di danni causati da un uso illecito o scorretto di tali servizi, l&#8217;utente potr\u00e0 essere chiamato a rispondere dei danni causati.<\/p><p>L&#8217;utente manterr\u00e0 indenne l&#8217;azienda da qualsiasi danno e pregiudizio derivante da reclami, azioni o richieste di risarcimento da parte di terzi a seguito dell&#8217;accesso o dell&#8217;utilizzo dello Spazio Web. Allo stesso modo, l&#8217;utente si impegna a risarcire eventuali danni derivanti dall&#8217;uso da parte sua di \u201crobot\u201d, \u2018spider\u2019, \u201ccrawler\u201d o strumenti simili utilizzati allo scopo di raccogliere o estrarre dati o da qualsiasi altra azione da parte sua che imponga un carico irragionevole sul funzionamento dello Spazio Web.<\/p><p><strong>7. COLLEGAMENTI IPERTESTUALI<\/strong><\/p><p>L&#8217;Utente si impegna a non riprodurre in alcun modo, nemmeno tramite un collegamento ipertestuale o un hyperlink, lo Spazio Web, n\u00e9 alcuno dei suoi contenuti, salvo espressa autorizzazione scritta del responsabile del file.<\/p><p>Il sito web pu\u00f2 includere collegamenti ad altri siti web gestiti da terzi, al fine di facilitare l&#8217;accesso dell&#8217;utente alle informazioni delle aziende collaboratrici e\/o sponsor. Di conseguenza, la societ\u00e0 non \u00e8 responsabile del contenuto di tali siti web, n\u00e9 si pone in posizione di garante e\/o fornitore dei servizi e\/o delle informazioni che possono essere offerti a terzi attraverso i collegamenti di terzi.<\/p><p>All&#8217;Utente viene concesso un diritto limitato, revocabile e non esclusivo di creare collegamenti alla pagina principale dello Spazio Web esclusivamente per uso privato e non commerciale. Gli Spazi Web che includono un collegamento al nostro Spazio Web (i) non possono falsificare il loro rapporto n\u00e9 affermare che tale collegamento \u00e8 stato autorizzato, n\u00e9 includere marchi, denominazioni, nomi commerciali, loghi o altri segni distintivi della nostra societ\u00e0; (ii) non potranno includere contenuti che possano essere considerati di cattivo gusto, osceni, offensivi, controversi, che incitino alla violenza o alla discriminazione per motivi di sesso, razza o religione, contrari all&#8217;ordine pubblico o illeciti;<span style=\"font-size: 1rem;\"> (iii)<\/span><\/p><p>non potranno collegarsi a nessuna pagina del Sito Web diversa dalla pagina principale; (iv) dovranno collegarsi all&#8217;indirizzo del Sito Web stesso, senza consentire al Sito Web che effettua il collegamento di riprodurre il Sito Web come parte del proprio sito web o all&#8217;interno di uno dei propri \u201cframe\u201d o creare un \u201cbrowser\u201d su una qualsiasi delle pagine del Sito Web. L&#8217;azienda potr\u00e0 richiedere, in qualsiasi momento, la rimozione di qualsiasi collegamento al Sito Web, dopodich\u00e9 dovr\u00e0 procedere immediatamente alla sua rimozione.<\/p><p>L&#8217;azienda non pu\u00f2 controllare le informazioni, i contenuti, i prodotti o i servizi forniti da altri siti web che hanno stabilito collegamenti con il Sito Web.<\/p><p><strong>8. PROTEZIONE DEI DATI<\/strong><\/p><p>Per utilizzare alcuni dei Servizi, l&#8217;Utente deve fornire preventivamente alcuni dati personali. L&#8217;azienda tratter\u00e0 automaticamente questi dati e applicher\u00e0 le misure di sicurezza corrispondenti, il tutto in conformit\u00e0 con il RGPD, la LOPDGDD e la LSSI. L&#8217;Utente pu\u00f2 accedere alla politica seguita nel trattamento dei dati personali, nonch\u00e9 alla definizione delle finalit\u00e0 precedentemente stabilite, alle condizioni definite nella Politica sulla privacy.<\/p>\t\t\t\t\t\t\t\t<\/div>\n\t\t\t\t<\/div>\n\t\t\t\t\t<\/div>\n\t\t<\/div>\n\t\t\t\t\t<\/div>\n\t\t<\/section>\n\t\t\t\t<\/div>","protected":false},"excerpt":{"rendered":"<p>Informativa sulla privacy Casa Palacio C\u00e1diz Informazioni sulla politica sulla privacy Casa Palacios C\u00e1diz, responsabile del sito web, di seguito RESPONSABILE, mette a disposizione degli utenti il presente documento, con il quale intende adempiere agli obblighi previsti dalla Legge 34\/2002, dell&#8217;11 luglio, sui Servizi della Societ\u00e0 dell&#8217;Informazione e del Commercio Elettronico (LSSICE), nonch\u00e9 informare tutti [&hellip;]<\/p>\n","protected":false},"author":1,"featured_media":0,"parent":0,"menu_order":0,"comment_status":"closed","ping_status":"closed","template":"elementor_header_footer","meta":{"footnotes":""},"class_list":["post-3914","page","type-page","status-publish","hentry"],"_links":{"self":[{"href":"https:\/\/casapalaciocadiz.com\/it\/wp-json\/wp\/v2\/pages\/3914","targetHints":{"allow":["GET"]}}],"collection":[{"href":"https:\/\/casapalaciocadiz.com\/it\/wp-json\/wp\/v2\/pages"}],"about":[{"href":"https:\/\/casapalaciocadiz.com\/it\/wp-json\/wp\/v2\/types\/page"}],"author":[{"embeddable":true,"href":"https:\/\/casapalaciocadiz.com\/it\/wp-json\/wp\/v2\/users\/1"}],"replies":[{"embeddable":true,"href":"https:\/\/casapalaciocadiz.com\/it\/wp-json\/wp\/v2\/comments?post=3914"}],"version-history":[{"count":5,"href":"https:\/\/casapalaciocadiz.com\/it\/wp-json\/wp\/v2\/pages\/3914\/revisions"}],"predecessor-version":[{"id":3919,"href":"https:\/\/casapalaciocadiz.com\/it\/wp-json\/wp\/v2\/pages\/3914\/revisions\/3919"}],"wp:attachment":[{"href":"https:\/\/casapalaciocadiz.com\/it\/wp-json\/wp\/v2\/media?parent=3914"}],"curies":[{"name":"wp","href":"https:\/\/api.w.org\/{rel}","templated":true}]}}