{"id":3642,"date":"2026-01-13T10:04:03","date_gmt":"2026-01-13T10:04:03","guid":{"rendered":"https:\/\/casapalaciocadiz.com\/?page_id=3642"},"modified":"2026-01-21T11:33:28","modified_gmt":"2026-01-21T11:33:28","slug":"attivita","status":"publish","type":"page","link":"https:\/\/casapalaciocadiz.com\/it\/attivita\/","title":{"rendered":"Actividades IT"},"content":{"rendered":"\t\t<div data-elementor-type=\"wp-page\" data-elementor-id=\"3642\" class=\"elementor elementor-3642\" data-elementor-post-type=\"page\">\n\t\t\t\t\t\t<section class=\"elementor-section elementor-top-section elementor-element elementor-element-2a8998d elementor-section-height-min-height elementor-section-items-stretch elementor-section-boxed elementor-section-height-default\" data-id=\"2a8998d\" data-element_type=\"section\" data-e-type=\"section\" data-settings=\"{&quot;background_background&quot;:&quot;classic&quot;,&quot;background_motion_fx_motion_fx_scrolling&quot;:&quot;yes&quot;,&quot;background_motion_fx_opacity_effect&quot;:&quot;yes&quot;,&quot;background_motion_fx_opacity_range&quot;:{&quot;unit&quot;:&quot;%&quot;,&quot;size&quot;:&quot;&quot;,&quot;sizes&quot;:{&quot;start&quot;:&quot;20&quot;,&quot;end&quot;:&quot;40&quot;}},&quot;background_motion_fx_scale_direction&quot;:&quot;in-out-in&quot;,&quot;background_motion_fx_scale_speed&quot;:{&quot;unit&quot;:&quot;px&quot;,&quot;size&quot;:&quot;1&quot;,&quot;sizes&quot;:[]},&quot;background_motion_fx_scale_range&quot;:{&quot;unit&quot;:&quot;%&quot;,&quot;size&quot;:&quot;&quot;,&quot;sizes&quot;:{&quot;start&quot;:&quot;27&quot;,&quot;end&quot;:&quot;100&quot;}},&quot;background_motion_fx_scale_effect&quot;:&quot;yes&quot;,&quot;background_motion_fx_opacity_level&quot;:{&quot;unit&quot;:&quot;px&quot;,&quot;size&quot;:3,&quot;sizes&quot;:[]},&quot;background_motion_fx_opacity_direction&quot;:&quot;out-in&quot;,&quot;background_motion_fx_devices&quot;:[&quot;desktop&quot;,&quot;tablet&quot;,&quot;mobile&quot;]}\">\n\t\t\t\t\t\t<div class=\"elementor-container elementor-column-gap-default\">\n\t\t\t\t\t<div class=\"elementor-column elementor-col-100 elementor-top-column elementor-element elementor-element-053a1c6\" data-id=\"053a1c6\" data-element_type=\"column\" data-e-type=\"column\">\n\t\t\t<div class=\"elementor-widget-wrap elementor-element-populated\">\n\t\t\t\t\t\t<div class=\"elementor-element elementor-element-af84870 fondo-sombreado elementor-widget elementor-widget-html\" data-id=\"af84870\" data-element_type=\"widget\" data-e-type=\"widget\" data-widget_type=\"html.default\">\n\t\t\t\t<div class=\"elementor-widget-container\">\n\t\t\t\t\t<h2>Attivit\u00e0<\/h2>\t\t\t\t<\/div>\n\t\t\t\t<\/div>\n\t\t\t\t\t<\/div>\n\t\t<\/div>\n\t\t\t\t\t<\/div>\n\t\t<\/section>\n\t\t\t\t<section class=\"elementor-section elementor-top-section elementor-element elementor-element-9c47143 elementor-section-boxed elementor-section-height-default elementor-section-height-default\" data-id=\"9c47143\" data-element_type=\"section\" data-e-type=\"section\">\n\t\t\t\t\t\t<div class=\"elementor-container elementor-column-gap-default\">\n\t\t\t\t\t<div class=\"elementor-column elementor-col-100 elementor-top-column elementor-element elementor-element-0c7b451\" data-id=\"0c7b451\" data-element_type=\"column\" data-e-type=\"column\">\n\t\t\t<div class=\"elementor-widget-wrap elementor-element-populated\">\n\t\t\t\t\t\t<div class=\"elementor-element elementor-element-75a04da elementor-widget elementor-widget-html\" data-id=\"75a04da\" data-element_type=\"widget\" data-e-type=\"widget\" data-widget_type=\"html.default\">\n\t\t\t\t<div class=\"elementor-widget-container\">\n\t\t\t\t\t<p>Vogliamo che viviate Cadice come un abitante del posto, per questo abbiamo selezionato i nostri angoli preferiti in fatto di gastronomia, cultura e tempo libero per guidarvi nella vostra visita. Questo elenco si basa esclusivamente sulla nostra esperienza personale e non abbiamo alcun legame commerciale con le attivit\u00e0 citate; il nostro unico obiettivo \u00e8 che vi divertiate al massimo.<\/p>\t\t\t\t<\/div>\n\t\t\t\t<\/div>\n\t\t\t\t\t<\/div>\n\t\t<\/div>\n\t\t\t\t\t<\/div>\n\t\t<\/section>\n\t\t\t\t<section class=\"elementor-section elementor-top-section elementor-element elementor-element-bdb5f86 elementor-section-boxed elementor-section-height-default elementor-section-height-default\" data-id=\"bdb5f86\" data-element_type=\"section\" data-e-type=\"section\">\n\t\t\t\t\t\t<div class=\"elementor-container elementor-column-gap-default\">\n\t\t\t\t\t<div class=\"elementor-column elementor-col-33 elementor-top-column elementor-element elementor-element-f000ec7\" data-id=\"f000ec7\" data-element_type=\"column\" data-e-type=\"column\">\n\t\t\t<div class=\"elementor-widget-wrap elementor-element-populated\">\n\t\t\t\t\t\t<div class=\"elementor-element elementor-element-d5a96e6 elementor-widget elementor-widget-html\" data-id=\"d5a96e6\" data-element_type=\"widget\" data-e-type=\"widget\" data-widget_type=\"html.default\">\n\t\t\t\t<div class=\"elementor-widget-container\">\n\t\t\t\t\t<h3>Ristorazione<\/h3>\n<br><br>\n<p><b>Bar Terraza<\/b>: Situato nella piazza della Cattedrale nella splendida citt\u00e0 di Cadice. <a href=\"https:\/\/share.google\/bZhhlvgSC8aZINdk2\">Vedi posizione<\/a><\/p>\n<p><b>Malines Dfer<\/b>: Hamburgeria situata in Av. Am\u00edlcar Barca, 25. <a href=\"https:\/\/share.google\/VKh0B8pXmircMrinE\">Vedi posizione<\/a><\/p>\n<p><b>Puerta del Ed\u00e9n<\/b>: Cucina araba halal nel cuore di Cadice. Assapora sapori unici a El P\u00f3pulo, vicino alla cattedrale. <a href=\"https:\/\/share.google\/nVp2PjHNq5lxqIesE\">Vedi posizione<\/a><\/p>\t\t\t\t<\/div>\n\t\t\t\t<\/div>\n\t\t\t\t\t<\/div>\n\t\t<\/div>\n\t\t\t\t<div class=\"elementor-column elementor-col-33 elementor-top-column elementor-element elementor-element-d09368a\" data-id=\"d09368a\" data-element_type=\"column\" data-e-type=\"column\">\n\t\t\t<div class=\"elementor-widget-wrap elementor-element-populated\">\n\t\t\t\t\t\t<div class=\"elementor-element elementor-element-aceff2d elementor-widget elementor-widget-html\" data-id=\"aceff2d\" data-element_type=\"widget\" data-e-type=\"widget\" data-widget_type=\"html.default\">\n\t\t\t\t<div class=\"elementor-widget-container\">\n\t\t\t\t\t<h3>Monumenti<\/h3>\n<br><br>\n<p><b>Cattedrale di Cadice<\/b>: La Cattedrale di Cadice \u00e8 una chiesa cattolica romana, uno degli edifici religiosi della citt\u00e0 e della diocesi. <a href=\"https:\/\/share.google\/CMTyI5Wt152CfDoJB\">Vedi posizione<\/a><\/p>\n<p><b>Monumento alla Costituzione<\/b>: il monumento \u00e8 realizzato in marmo e granito ed \u00e8 alto 21 metri, ha quattro facce, ciascuna con un'iscrizione diversa. <a href=\"https:\/\/share.google\/VCVWd3aDquTYTWrdt\">Vedi posizione<\/a><\/p>\n<p><b>Gran Teatro Falla<\/b>: Il Gran Teatro Falla di Cadice \u00e8 uno degli edifici pi\u00f9 emblematici della citt\u00e0. <a href=\"https:\/\/share.google\/nVp2PjHNq5lxqIesE\">Vedi posizione<\/a><\/p>\t\t\t\t<\/div>\n\t\t\t\t<\/div>\n\t\t\t\t\t<\/div>\n\t\t<\/div>\n\t\t\t\t<div class=\"elementor-column elementor-col-33 elementor-top-column elementor-element elementor-element-1cf7af9\" data-id=\"1cf7af9\" data-element_type=\"column\" data-e-type=\"column\">\n\t\t\t<div class=\"elementor-widget-wrap elementor-element-populated\">\n\t\t\t\t\t\t<div class=\"elementor-element elementor-element-ac4fc8b elementor-widget elementor-widget-html\" data-id=\"ac4fc8b\" data-element_type=\"widget\" data-e-type=\"widget\" data-widget_type=\"html.default\">\n\t\t\t\t<div class=\"elementor-widget-container\">\n\t\t\t\t\t<h3>Tempo libero<\/h3>\n<br><br>\n<p><b>Spiaggia di La Caleta<\/b>: Consigliamo di ammirare il tramonto sulla spiaggia di La Caleta. <a href=\"https:\/\/share.google\/Zujue7dsiQ1K0pzOk\">Vedi posizione<\/a><\/p>\n<p><b>Parco Genov\u00e9s<\/b>: Il pi\u00f9 grande spazio verde del centro storico di Cadice. <a href=\"https:\/\/share.google\/cEKj89w0pz6uHNLXE\">Vedi posizione<\/a><\/p>\t\t\t\t<\/div>\n\t\t\t\t<\/div>\n\t\t\t\t\t<\/div>\n\t\t<\/div>\n\t\t\t\t\t<\/div>\n\t\t<\/section>\n\t\t\t\t<section class=\"elementor-section elementor-top-section elementor-element elementor-element-3ebdeaa elementor-section-boxed elementor-section-height-default elementor-section-height-default\" data-id=\"3ebdeaa\" data-element_type=\"section\" data-e-type=\"section\">\n\t\t\t\t\t\t<div class=\"elementor-container elementor-column-gap-default\">\n\t\t\t\t\t<div class=\"elementor-column elementor-col-100 elementor-top-column elementor-element elementor-element-849dbe7\" data-id=\"849dbe7\" data-element_type=\"column\" data-e-type=\"column\">\n\t\t\t<div class=\"elementor-widget-wrap elementor-element-populated\">\n\t\t\t\t\t\t<div class=\"elementor-element elementor-element-aa447f5 elementor-widget-divider--view-line elementor-widget elementor-widget-divider\" data-id=\"aa447f5\" data-element_type=\"widget\" data-e-type=\"widget\" data-widget_type=\"divider.default\">\n\t\t\t\t<div class=\"elementor-widget-container\">\n\t\t\t\t\t\t\t<div class=\"elementor-divider\">\n\t\t\t<span class=\"elementor-divider-separator\">\n\t\t\t\t\t\t<\/span>\n\t\t<\/div>\n\t\t\t\t\t\t<\/div>\n\t\t\t\t<\/div>\n\t\t\t\t<div class=\"elementor-element elementor-element-ac03dfc elementor-widget elementor-widget-html\" data-id=\"ac03dfc\" data-element_type=\"widget\" data-e-type=\"widget\" data-widget_type=\"html.default\">\n\t\t\t\t<div class=\"elementor-widget-container\">\n\t\t\t\t\t<p>Vuoi trovare la sistemazione perfetta per te? Ti consigliamo di visitare le nostre sezioni Casa Palacio (Centro di Cadice) e Antiguo Balneario (Spiaggia di Cadice) per vedere in dettaglio le diverse opzioni a tua disposizione.<\/p>\t\t\t\t<\/div>\n\t\t\t\t<\/div>\n\t\t\t\t\t<\/div>\n\t\t<\/div>\n\t\t\t\t\t<\/div>\n\t\t<\/section>\n\t\t\t\t<section class=\"elementor-section elementor-top-section elementor-element elementor-element-20d9e67 elementor-section-boxed elementor-section-height-default elementor-section-height-default\" data-id=\"20d9e67\" data-element_type=\"section\" data-e-type=\"section\">\n\t\t\t\t\t\t<div class=\"elementor-container elementor-column-gap-default\">\n\t\t\t\t\t<div class=\"elementor-column elementor-col-50 elementor-top-column elementor-element elementor-element-4f343dd\" data-id=\"4f343dd\" data-element_type=\"column\" data-e-type=\"column\">\n\t\t\t<div class=\"elementor-widget-wrap elementor-element-populated\">\n\t\t\t\t\t\t<div class=\"elementor-element elementor-element-fe660d9 elementor-widget__width-initial elementor-widget-tablet__width-initial elementor-widget-mobile__width-initial elementor-widget elementor-widget-html\" data-id=\"fe660d9\" data-element_type=\"widget\" data-e-type=\"widget\" data-widget_type=\"html.default\">\n\t\t\t\t<div class=\"elementor-widget-container\">\n\t\t\t\t\t<div class=\"centered-container\">\r\n    <a href=\"https:\/\/casapalaciocadiz.com\/it\/appartamenti-casa-palacio\/\" class=\"reserve-btn\">Vedi alloggi Centro<\/a>\r\n<\/div>\t\t\t\t<\/div>\n\t\t\t\t<\/div>\n\t\t\t\t\t<\/div>\n\t\t<\/div>\n\t\t\t\t<div class=\"elementor-column elementor-col-50 elementor-top-column elementor-element elementor-element-31c5fca\" data-id=\"31c5fca\" data-element_type=\"column\" data-e-type=\"column\">\n\t\t\t<div class=\"elementor-widget-wrap elementor-element-populated\">\n\t\t\t\t\t\t<div class=\"elementor-element elementor-element-312720b elementor-widget__width-initial elementor-widget-tablet__width-initial elementor-widget-mobile__width-initial elementor-widget elementor-widget-html\" data-id=\"312720b\" data-element_type=\"widget\" data-e-type=\"widget\" data-widget_type=\"html.default\">\n\t\t\t\t<div class=\"elementor-widget-container\">\n\t\t\t\t\t<div class=\"centered-container\">\r\n    <a href=\"https:\/\/casapalaciocadiz.com\/it\/appartamenti-antiguo-balneario\/\" class=\"reserve-btn\">Vedi alloggi Spiaggia<\/a>\r\n<\/div>\t\t\t\t<\/div>\n\t\t\t\t<\/div>\n\t\t\t\t\t<\/div>\n\t\t<\/div>\n\t\t\t\t\t<\/div>\n\t\t<\/section>\n\t\t\t\t<\/div>\n\t\t","protected":false},"excerpt":{"rendered":"<p>Attivit\u00e0 Vogliamo che viviate Cadice come un abitante del posto, per questo abbiamo selezionato i nostri angoli preferiti in fatto di gastronomia, cultura e tempo libero per guidarvi nella vostra visita. Questo elenco si basa esclusivamente sulla nostra esperienza personale e non abbiamo alcun legame commerciale con le attivit\u00e0 citate; il nostro unico obiettivo \u00e8 [&hellip;]<\/p>\n","protected":false},"author":1,"featured_media":0,"parent":0,"menu_order":0,"comment_status":"closed","ping_status":"closed","template":"elementor_header_footer","meta":{"footnotes":""},"class_list":["post-3642","page","type-page","status-publish","hentry"],"_links":{"self":[{"href":"https:\/\/casapalaciocadiz.com\/it\/wp-json\/wp\/v2\/pages\/3642","targetHints":{"allow":["GET"]}}],"collection":[{"href":"https:\/\/casapalaciocadiz.com\/it\/wp-json\/wp\/v2\/pages"}],"about":[{"href":"https:\/\/casapalaciocadiz.com\/it\/wp-json\/wp\/v2\/types\/page"}],"author":[{"embeddable":true,"href":"https:\/\/casapalaciocadiz.com\/it\/wp-json\/wp\/v2\/users\/1"}],"replies":[{"embeddable":true,"href":"https:\/\/casapalaciocadiz.com\/it\/wp-json\/wp\/v2\/comments?post=3642"}],"version-history":[{"count":11,"href":"https:\/\/casapalaciocadiz.com\/it\/wp-json\/wp\/v2\/pages\/3642\/revisions"}],"predecessor-version":[{"id":4066,"href":"https:\/\/casapalaciocadiz.com\/it\/wp-json\/wp\/v2\/pages\/3642\/revisions\/4066"}],"wp:attachment":[{"href":"https:\/\/casapalaciocadiz.com\/it\/wp-json\/wp\/v2\/media?parent=3642"}],"curies":[{"name":"wp","href":"https:\/\/api.w.org\/{rel}","templated":true}]}}