{"id":3926,"date":"2026-01-19T11:22:55","date_gmt":"2026-01-19T11:22:55","guid":{"rendered":"https:\/\/casapalaciocadiz.com\/?page_id=3926"},"modified":"2026-01-22T08:52:32","modified_gmt":"2026-01-22T08:52:32","slug":"rechtlicher-hinweis","status":"publish","type":"page","link":"https:\/\/casapalaciocadiz.com\/de\/rechtlicher-hinweis\/","title":{"rendered":"Aviso Legal DE"},"content":{"rendered":"<div data-elementor-type=\"wp-page\" data-elementor-id=\"3926\" class=\"elementor elementor-3926\" data-elementor-post-type=\"page\">\n\t\t\t\t\t\t<section class=\"elementor-section elementor-top-section elementor-element elementor-element-b01495a elementor-section-height-min-height elementor-section-full_width elementor-section-items-stretch elementor-section-content-middle elementor-section-height-default\" data-id=\"b01495a\" data-element_type=\"section\" data-e-type=\"section\" data-settings=\"{&quot;background_background&quot;:&quot;classic&quot;}\">\n\t\t\t\t\t\t\t<div class=\"elementor-background-overlay\"><\/div>\n\t\t\t\t\t\t\t<div class=\"elementor-container elementor-column-gap-default\">\n\t\t\t\t\t<div class=\"elementor-column elementor-col-100 elementor-top-column elementor-element elementor-element-582ff3b\" data-id=\"582ff3b\" data-element_type=\"column\" data-e-type=\"column\" data-settings=\"{&quot;background_background&quot;:&quot;slideshow&quot;,&quot;background_slideshow_gallery&quot;:[],&quot;background_slideshow_loop&quot;:&quot;yes&quot;,&quot;background_slideshow_slide_duration&quot;:5000,&quot;background_slideshow_slide_transition&quot;:&quot;fade&quot;,&quot;background_slideshow_transition_duration&quot;:500}\">\n\t\t\t<div class=\"elementor-widget-wrap elementor-element-populated\">\n\t\t\t\t\t\t<div class=\"elementor-element elementor-element-e7462e1 elementor-widget elementor-widget-heading\" data-id=\"e7462e1\" data-element_type=\"widget\" data-e-type=\"widget\" data-widget_type=\"heading.default\">\n\t\t\t\t<div class=\"elementor-widget-container\">\n\t\t\t\t\t<h1 class=\"elementor-heading-title elementor-size-default\">Rechtlicher Hinweis<\/h1>\t\t\t\t<\/div>\n\t\t\t\t<\/div>\n\t\t\t\t\t<\/div>\n\t\t<\/div>\n\t\t\t\t\t<\/div>\n\t\t<\/section>\n\t\t\t\t<section class=\"elementor-section elementor-top-section elementor-element elementor-element-8080bc5 elementor-section-boxed elementor-section-height-default elementor-section-height-default\" data-id=\"8080bc5\" data-element_type=\"section\" data-e-type=\"section\">\n\t\t\t\t\t\t<div class=\"elementor-container elementor-column-gap-default\">\n\t\t\t\t\t<div class=\"elementor-column elementor-col-100 elementor-top-column elementor-element elementor-element-e664d33\" data-id=\"e664d33\" data-element_type=\"column\" data-e-type=\"column\">\n\t\t\t<div class=\"elementor-widget-wrap elementor-element-populated\">\n\t\t\t\t\t\t<div class=\"elementor-element elementor-element-45e5908 elementor-widget elementor-widget-heading\" data-id=\"45e5908\" data-element_type=\"widget\" data-e-type=\"widget\" data-widget_type=\"heading.default\">\n\t\t\t\t<div class=\"elementor-widget-container\">\n\t\t\t\t\t<h1 class=\"elementor-heading-title elementor-size-xl\">Rechtlicher Hinweis<\/h1>\t\t\t\t<\/div>\n\t\t\t\t<\/div>\n\t\t\t\t<div class=\"elementor-element elementor-element-163b70d elementor-widget elementor-widget-text-editor\" data-id=\"163b70d\" data-element_type=\"widget\" data-e-type=\"widget\" data-widget_type=\"text-editor.default\">\n\t\t\t\t<div class=\"elementor-widget-container\">\n\t\t\t\t\t\t\t\t\t<p><span dir=\"auto\" style=\"vertical-align: inherit;\"><span dir=\"auto\" style=\"vertical-align: inherit;\">El titular de este sitio web es: casapalaciocadiz.com. Inscrita en el Registro Oficial de Turismo de Andaluc\u00eda: A-CA-00211 (Casa Palacio) y A-CA-00368 (Antiguo Balneario), <\/span><\/span><br \/><span dir=\"auto\" style=\"vertical-align: inherit;\"><span dir=\"auto\" style=\"vertical-align: inherit;\">con CIF B91916700, tel\u00e9fono (+34) 697 236 749 y correo electr\u00f3nico: info@rodrigueznormand.es.<\/span><\/span><\/p><p><span dir=\"auto\" style=\"vertical-align: inherit;\"><span dir=\"auto\" style=\"vertical-align: inherit;\">El c\u00f3digo fuente, los dise\u00f1os gr\u00e1ficos, la informaci\u00f3n y los contenidos de este sitio web est\u00e1n protegidos por derechos de propiedad intelectual e industrial pertenecientes al titular del sitio web o, en su caso, a terceros, y no podr\u00e1n ser utilizados sin la autorizaci\u00f3n escrita de los mismos.<\/span><\/span><\/p><p><span dir=\"auto\" style=\"vertical-align: inherit;\"><span dir=\"auto\" style=\"vertical-align: inherit;\">El usuario solo podr\u00e1 utilizar el material aqu\u00ed presentado para su uso personal y privado, siempre que respete todos los derechos de propiedad intelectual, industrial y dem\u00e1s derechos de propiedad. Por lo tanto, queda estrictamente prohibida la reproducci\u00f3n o cualquier otro tipo de uso con fines comerciales o para la realizaci\u00f3n de actividades il\u00edcitas, la distribuci\u00f3n, transmisi\u00f3n, as\u00ed como la modificaci\u00f3n, alteraci\u00f3n, descompilaci\u00f3n o almacenamiento con cualquier fin.<\/span><\/span><\/p><p><span dir=\"auto\" style=\"vertical-align: inherit;\"><span dir=\"auto\" style=\"vertical-align: inherit;\">Los propietarios perseguir\u00e1n cualquier incumplimiento de las condiciones anteriores as\u00ed como cualquier uso indebido de los contenidos mostrados y ejercer\u00e1n todas las medidas civiles y penales a su disposici\u00f3n.<\/span><\/span><\/p><p><span dir=\"auto\" style=\"vertical-align: inherit;\"><span dir=\"auto\" style=\"vertical-align: inherit;\">El uso de este sitio web implica el tratamiento de datos personales por parte de su titular para la prestaci\u00f3n del servicio, de conformidad con lo dispuesto en la secci\u00f3n \u00ab<a href=\"http:\/\/casapalaciocadiz.com\/de\/datenschutzerklarung\/\">Datenschutzbestimmungen<\/a>\u00bb, donde se detallan los derechos y la informaci\u00f3n sobre el uso de cookies. Puede encontrar informaci\u00f3n sobre el uso de cookies en la <a href=\"https:\/\/casapalaciocadiz.com\/de\/cookie-richtlinie\/\">Pol\u00edtica de Cookies<\/a>.<\/span><\/span><\/p><p><span dir=\"auto\" style=\"vertical-align: inherit;\"><span dir=\"auto\" style=\"vertical-align: inherit;\">De conformidad con lo dispuesto en el Reglamento (UE) n\u00ba 524\/2013 del Parlamento Europeo y del Consejo, de 21 de mayo de 2013, sobre resoluci\u00f3n de litigios en l\u00ednea en materia de consumo, \u201cCasaPalaciosC\u00e1diz\u201d le informa de que en caso de litigio, los usuarios residentes en la Uni\u00f3n Europea podr\u00e1n utilizar la \u201cPlataforma de Resoluci\u00f3n de Litigios en L\u00ednea\u201d desarrollada por la Comisi\u00f3n Europea para intentar resolver extrajudicialmente cualquier controversia derivada de la prestaci\u00f3n de servicios por parte de \u201cCasaPalaciosC\u00e1diz\u201d.<\/span><\/span><\/p><p><span dir=\"auto\" style=\"vertical-align: inherit;\"><span dir=\"auto\" style=\"vertical-align: inherit;\">El acceso a la \u201cPlataforma de Resoluci\u00f3n de Litigios en L\u00ednea\u201d se realiza a trav\u00e9s del siguiente enlace: http:\/\/ec.europa.eu\/consumers\/odr\/<\/span><\/span><\/p>\t\t\t\t\t\t\t\t<\/div>\n\t\t\t\t<\/div>\n\t\t\t\t\t<\/div>\n\t\t<\/div>\n\t\t\t\t\t<\/div>\n\t\t<\/section>\n\t\t\t\t<\/div>","protected":false},"excerpt":{"rendered":"<p>Rechtlicher Hinweis Rechtlicher Hinweis El titular de este sitio web es: casapalaciocadiz.com. Inscrita en el Registro Oficial de Turismo de Andaluc\u00eda: A-CA-00211 (Casa Palacio) y A-CA-00368 (Antiguo Balneario), con CIF B91916700, tel\u00e9fono (+34) 697 236 749 y correo electr\u00f3nico: info@rodrigueznormand.es. El c\u00f3digo fuente, los dise\u00f1os gr\u00e1ficos, la informaci\u00f3n y los contenidos de este sitio web [&hellip;]<\/p>\n","protected":false},"author":1,"featured_media":0,"parent":0,"menu_order":0,"comment_status":"closed","ping_status":"closed","template":"","meta":{"footnotes":""},"class_list":["post-3926","page","type-page","status-publish","hentry"],"_links":{"self":[{"href":"https:\/\/casapalaciocadiz.com\/de\/wp-json\/wp\/v2\/pages\/3926","targetHints":{"allow":["GET"]}}],"collection":[{"href":"https:\/\/casapalaciocadiz.com\/de\/wp-json\/wp\/v2\/pages"}],"about":[{"href":"https:\/\/casapalaciocadiz.com\/de\/wp-json\/wp\/v2\/types\/page"}],"author":[{"embeddable":true,"href":"https:\/\/casapalaciocadiz.com\/de\/wp-json\/wp\/v2\/users\/1"}],"replies":[{"embeddable":true,"href":"https:\/\/casapalaciocadiz.com\/de\/wp-json\/wp\/v2\/comments?post=3926"}],"version-history":[{"count":8,"href":"https:\/\/casapalaciocadiz.com\/de\/wp-json\/wp\/v2\/pages\/3926\/revisions"}],"predecessor-version":[{"id":4110,"href":"https:\/\/casapalaciocadiz.com\/de\/wp-json\/wp\/v2\/pages\/3926\/revisions\/4110"}],"wp:attachment":[{"href":"https:\/\/casapalaciocadiz.com\/de\/wp-json\/wp\/v2\/media?parent=3926"}],"curies":[{"name":"wp","href":"https:\/\/api.w.org\/{rel}","templated":true}]}}