{"id":3908,"date":"2026-01-19T10:40:44","date_gmt":"2026-01-19T10:40:44","guid":{"rendered":"https:\/\/casapalaciocadiz.com\/?page_id=3908"},"modified":"2026-01-19T10:57:01","modified_gmt":"2026-01-19T10:57:01","slug":"datenschutzerklarung","status":"publish","type":"page","link":"https:\/\/casapalaciocadiz.com\/de\/datenschutzerklarung\/","title":{"rendered":"Politica de Privacidad DE"},"content":{"rendered":"<div data-elementor-type=\"wp-page\" data-elementor-id=\"3908\" class=\"elementor elementor-3908\" data-elementor-post-type=\"page\">\n\t\t\t\t\t\t<section class=\"elementor-section elementor-top-section elementor-element elementor-element-d7df16e elementor-section-full_width elementor-section-height-min-height elementor-section-items-stretch elementor-section-content-middle elementor-section-height-default\" data-id=\"d7df16e\" data-element_type=\"section\" data-e-type=\"section\" data-settings=\"{&quot;background_background&quot;:&quot;classic&quot;}\">\n\t\t\t\t\t\t\t<div class=\"elementor-background-overlay\"><\/div>\n\t\t\t\t\t\t\t<div class=\"elementor-container elementor-column-gap-default\">\n\t\t\t\t\t<div class=\"elementor-column elementor-col-100 elementor-top-column elementor-element elementor-element-22ffac0\" data-id=\"22ffac0\" data-element_type=\"column\" data-e-type=\"column\">\n\t\t\t<div class=\"elementor-widget-wrap elementor-element-populated\">\n\t\t\t\t\t\t<div class=\"elementor-element elementor-element-f25bc67 elementor-widget elementor-widget-heading\" data-id=\"f25bc67\" data-element_type=\"widget\" data-e-type=\"widget\" data-widget_type=\"heading.default\">\n\t\t\t\t<div class=\"elementor-widget-container\">\n\t\t\t\t\t<h1 class=\"elementor-heading-title elementor-size-default\">Datenschutzerkl\u00e4rung<\/h1>\t\t\t\t<\/div>\n\t\t\t\t<\/div>\n\t\t\t\t<div class=\"elementor-element elementor-element-0f7723b elementor-widget elementor-widget-heading\" data-id=\"0f7723b\" data-element_type=\"widget\" data-e-type=\"widget\" data-widget_type=\"heading.default\">\n\t\t\t\t<div class=\"elementor-widget-container\">\n\t\t\t\t\t<h4 class=\"elementor-heading-title elementor-size-default\">Casa Palacio C\u00e1diz <\/h4>\t\t\t\t<\/div>\n\t\t\t\t<\/div>\n\t\t\t\t\t<\/div>\n\t\t<\/div>\n\t\t\t\t\t<\/div>\n\t\t<\/section>\n\t\t\t\t<section class=\"elementor-section elementor-top-section elementor-element elementor-element-c935825 elementor-section-boxed elementor-section-height-default elementor-section-height-default\" data-id=\"c935825\" data-element_type=\"section\" data-e-type=\"section\">\n\t\t\t\t\t\t<div class=\"elementor-container elementor-column-gap-default\">\n\t\t\t\t\t<div class=\"elementor-column elementor-col-100 elementor-top-column elementor-element elementor-element-36684c5\" data-id=\"36684c5\" data-element_type=\"column\" data-e-type=\"column\">\n\t\t\t<div class=\"elementor-widget-wrap elementor-element-populated\">\n\t\t\t\t\t\t<div class=\"elementor-element elementor-element-3bca858 elementor-widget elementor-widget-heading\" data-id=\"3bca858\" data-element_type=\"widget\" data-e-type=\"widget\" data-widget_type=\"heading.default\">\n\t\t\t\t<div class=\"elementor-widget-container\">\n\t\t\t\t\t<h4 class=\"elementor-heading-title elementor-size-large\">Informationen zur Datenschutzerkl\u00e4rung<\/h4>\t\t\t\t<\/div>\n\t\t\t\t<\/div>\n\t\t\t\t<div class=\"elementor-element elementor-element-cb73a0e elementor-widget elementor-widget-text-editor\" data-id=\"cb73a0e\" data-element_type=\"widget\" data-e-type=\"widget\" data-widget_type=\"text-editor.default\">\n\t\t\t\t<div class=\"elementor-widget-container\">\n\t\t\t\t\t\t\t\t\t<p>Casa Palacios C\u00e1diz, verantwortlich f\u00fcr die Website, im Folgenden VERANTWORTLICHER, stellt den Nutzern dieses Dokument zur Verf\u00fcgung, mit dem es beabsichtigt, die Verpflichtungen gem\u00e4\u00df dem Gesetz 34\/2002 vom 11. Juli \u00fcber Dienste der Informationsgesellschaft und des elektronischen Handels (LSSICE) zu erf\u00fcllen und alle Nutzer der Website \u00fcber die Nutzungsbedingungen zu informieren.<\/p><p>Jede Person, die auf diese Website zugreift, \u00fcbernimmt die Rolle eines Nutzers und verpflichtet sich zur strikten Einhaltung und Erf\u00fcllung der hier festgelegten Bestimmungen sowie aller anderen geltenden gesetzlichen Bestimmungen.<\/p><p>Casa Palacios C\u00e1diz beh\u00e4lt sich das Recht vor, alle auf der Website erscheinenden Informationen zu \u00e4ndern, ohne dass eine Verpflichtung besteht, die Nutzer vorher dar\u00fcber zu informieren oder in Kenntnis zu setzen, wobei die Ver\u00f6ffentlichung auf der Website von Casa Palacios C\u00e1diz als ausreichend angesehen wird.<\/p><p><strong>1. IDENTIFIZIERENDE DATEN<\/strong><\/p><p>Firmenname: RODRIGUEZ NORMAND, S.L.<br \/>Handelsname: Casa Palacio C\u00e1diz<br \/>BIC: BSCHESMM<\/p><p>Sitz: Calle Ancha, 13. 11004. C\u00e1diz. Spanien<br \/>E-Mail: info@rodrigueznormand.es<\/p><p>Steuernummer: B91916700<\/p><p>Standort Casa Palacio: Calle Ancha, 13. 11004. C\u00e1diz. Spanien<\/p><p>Standort Antiguo Balneario: Calle Dorotea, 5, 11009. C\u00e1diz, Spanien<\/p><p><strong>2. OBJETO<\/strong><\/p><p>A trav\u00e9s del Sitio Web, les ofrecemos a los Usuarios la posibilidad de acceder a la informaci\u00f3n sobre nuestros servicios.<\/p><p><strong>3. DATENSCHUTZ UND DATENVERARBEITUNG<\/strong><\/p><p>Wenn f\u00fcr den Zugriff auf bestimmte Inhalte oder Dienste die Angabe personenbezogener Daten erforderlich ist, garantieren die Nutzer deren Richtigkeit, Genauigkeit, Authentizit\u00e4t und G\u00fcltigkeit. Das Unternehmen verarbeitet diese Daten entsprechend ihrer Art oder ihrem Zweck automatisiert gem\u00e4\u00df den Bestimmungen im Abschnitt \u201eDatenschutzerkl\u00e4rung\u201d.<\/p><p><strong>4. GEWERBLICHES UND GEISTIGES EIGENTUM<\/strong><\/p><p>Der Nutzer erkennt an und akzeptiert, dass alle auf der Website angezeigten Inhalte, insbesondere Designs, Texte, Bilder, Logos, Symbole, Schaltfl\u00e4chen, Software, Handelsnamen, Marken oder sonstige Zeichen, die f\u00fcr gewerbliche und\/oder kommerzielle Zwecke genutzt werden k\u00f6nnen, dem geistigen Eigentumsrecht unterliegen und dass alle Marken, Handelsnamen oder Kennzeichen alle gewerblichen und geistigen Eigentumsrechte an den Inhalten und\/oder sonstigen auf der Website enthaltenen Elementen das ausschlie\u00dfliche Eigentum des Unternehmens und\/oder Dritter sind, die das ausschlie\u00dfliche Recht haben, diese im Wirtschaftsverkehr zu nutzen.<\/p><p>Aus diesem Grund verpflichtet sich der Nutzer, diese Inhalte nicht zu reproduzieren, zu kopieren, zu verbreiten, zur Verf\u00fcgung zu stellen oder in irgendeiner anderen Form \u00f6ffentlich zu kommunizieren, zu ver\u00e4ndern oder zu modifizieren, und das Unternehmen von jeglichen Anspr\u00fcchen freizustellen, die sich aus der Nichteinhaltung dieser Verpflichtungen ergeben. Der Zugriff auf die Website bedeutet in keinem Fall einen Verzicht, eine \u00dcbertragung, eine Lizenz oder eine vollst\u00e4ndige oder teilweise Abtretung dieser Rechte, sofern nicht ausdr\u00fccklich etwas anderes festgelegt ist. Die vorliegenden Allgemeinen Nutzungsbedingungen der Website gew\u00e4hren den Nutzern keine weiteren Rechte zur Nutzung, Verwertung, \u00c4nderung, Vervielf\u00e4ltigung, Verbreitung oder \u00f6ffentlichen Wiedergabe der Website und\/oder ihrer Inhalte, die nicht ausdr\u00fccklich hier vorgesehen sind. Jede andere Nutzung oder Verwertung von Rechten bedarf der vorherigen und ausdr\u00fccklichen Genehmigung, die zu diesem Zweck speziell von dem Unternehmen oder dem Dritten, der Inhaber der betreffenden Rechte ist, erteilt wird.<\/p><p>Die Inhalte, Texte, Fotos, Designs, Logos, Bilder, Computerprogramme, Quellcodes und generell alle geistigen Sch\u00f6pfungen, die auf dieser Website vorhanden sind, sowie die Website selbst als Ganzes als multimediales Kunstwerk sind durch die Gesetzgebung zum Schutz geistigen Eigentums urheberrechtlich gesch\u00fctzt. Das Unternehmen ist Eigent\u00fcmer der Elemente, aus denen sich das grafische Design der Website zusammensetzt, der Men\u00fcs, Navigationsschaltfl\u00e4chen, des HTML-Codes, der Texte, Bilder, Texturen, Grafiken und aller anderen Inhalte der Website, oder verf\u00fcgt in jedem Fall \u00fcber die entsprechende Genehmigung zur Nutzung dieser Elemente. Der Inhalt der Website darf weder ganz noch teilweise reproduziert, \u00fcbertragen oder in einem Informationsabrufsystem gespeichert werden, in keiner Form und auf keinem Medium, es sei denn, es liegt eine vorherige schriftliche Genehmigung des genannten Unternehmens vor.<\/p><p>Ebenso ist es verboten, das \u201eCopyright\u201c sowie technische Schutzvorrichtungen oder sonstige Informationsmechanismen, die die Inhalte enthalten k\u00f6nnten, zu entfernen, zu umgehen und\/oder zu manipulieren. Der Nutzer dieser Website verpflichtet sich, die genannten Rechte zu respektieren und jegliche Handlungen zu unterlassen, die diese Rechte verletzen k\u00f6nnten. Das Unternehmen beh\u00e4lt sich in jedem Fall die Aus\u00fcbung aller ihm zustehenden rechtlichen Mittel und Ma\u00dfnahmen zur Verteidigung seiner legitimen Rechte an geistigem und gewerblichem Eigentum vor.<\/p><p><strong>5. VERPFLICHTUNGEN UND VERANTWORTLICHKEITEN DES NUTZERS DER WEBSITE<\/strong><\/p><p>Der Nutzer verpflichtet sich zu Folgendem:<\/p><p>Er nutzt die Website sowie deren Inhalte und Dienste in angemessener und rechtm\u00e4\u00dfiger Weise in \u00dcbereinstimmung mit: (i) den jeweils geltenden Rechtsvorschriften; (ii) den Allgemeinen Nutzungsbedingungen der Website; (iii) den allgemein anerkannten guten Sitten und (iv) der \u00f6ffentlichen Ordnung.<\/p><p>Sich mit allen erforderlichen technischen Mitteln und Voraussetzungen auszustatten, um auf die Website zugreifen zu k\u00f6nnen.<br \/>Bei der Eingabe Ihrer personenbezogenen Daten in die Formulare auf der Website wahrheitsgem\u00e4\u00dfe Angaben zu machen und diese jederzeit auf dem neuesten Stand zu halten, damit sie jederzeit der tats\u00e4chlichen Situation des Nutzers entsprechen. Der Nutzer ist allein verantwortlich f\u00fcr falsche oder ungenaue Angaben und f\u00fcr Sch\u00e4den, die dem Unternehmen oder Dritten durch die von ihm bereitgestellten Informationen entstehen.<br \/>Ungeachtet der Bestimmungen im vorigen Absatz hat der Nutzer au\u00dferdem Folgendes zu unterlassen:<\/p><p>Eine unbefugte oder betr\u00fcgerische Nutzung der Website und\/oder der Inhalte f\u00fcr illegale Zwecke oder mit illegalen Auswirkungen, die in den vorliegenden Allgemeinen Nutzungsbedingungen verboten sind, die Rechte und Interessen Dritter verletzen oder in irgendeiner Weise die normale Nutzung der Dienste oder Dokumente, Dateien und aller Arten von Inhalten, die auf einem Computer gespeichert sind, besch\u00e4digen, unbrauchbar machen, \u00fcberlasten, beeintr\u00e4chtigen oder verhindern k\u00f6nnen.<\/p><p>Zugriff oder versuchter Zugriff auf Ressourcen oder Bereiche der Website, ohne die f\u00fcr diesen Zugriff erforderlichen Bedingungen zu erf\u00fcllen.<br \/>Verursachung von Sch\u00e4den an den physischen oder logischen Systemen der Website, ihrer Anbieter oder Dritter.<br \/>Einf\u00fchrung oder Verbreitung von Computerviren oder anderen physischen oder logischen Systemen im Netzwerk, die Sch\u00e4den an den physischen oder logischen Systemen des Unternehmens, seiner Anbieter oder Dritter verursachen k\u00f6nnen.<br \/>Der Versuch, auf Daten des Unternehmens, von Drittanbietern und anderen Nutzern zuzugreifen, diese zu verwenden und\/oder zu manipulieren.<br \/>Das Reproduzieren oder Kopieren, Verbreiten, Erm\u00f6glichen des \u00f6ffentlichen Zugangs durch jegliche Form der \u00f6ffentlichen Kommunikation, Umwandeln oder Ver\u00e4ndern der Inhalte, es sei denn, es liegt die Genehmigung des Inhabers der entsprechenden Rechte vor oder dies ist gesetzlich zul\u00e4ssig.<br \/>L\u00f6schen, Verbergen oder Manipulieren von Hinweisen auf geistige oder gewerbliche Eigentumsrechte und anderen Daten, die die Rechte des Unternehmens oder Dritter in den Inhalten identifizieren, sowie von technischen Schutzvorrichtungen oder Informationsmechanismen, die in die Inhalte eingef\u00fcgt werden k\u00f6nnen.<br \/>Die Inhalte nicht mit anderen Mitteln oder Verfahren zu erhalten oder zu versuchen, sie zu erhalten, als denen, die Ihnen zu diesem Zweck zur Verf\u00fcgung gestellt wurden oder die ausdr\u00fccklich auf den Webseiten angegeben sind, auf denen sich die Inhalte befinden, oder denen, die im Allgemeinen im Internet \u00fcblicherweise verwendet werden, da sie kein Risiko einer Besch\u00e4digung oder Unbrauchbarkeit der Website und\/oder der Inhalte mit sich bringen.<br \/>Insbesondere und ohne Anspruch auf Vollst\u00e4ndigkeit verpflichtet sich der Nutzer, keine Informationen, Daten, Inhalte, Nachrichten, Grafiken, Zeichnungen, Ton- und\/oder Bilddateien, Fotos, Aufzeichnungen, Software und generell jegliches Material zu \u00fcbertragen, zu verbreiten oder Dritten zug\u00e4nglich zu machen, das: \u2022 in irgendeiner Weise gegen die Grundrechte und \u00f6ffentlichen Freiheiten verst\u00f6\u00dft, die in der Verfassung, in internationalen Vertr\u00e4gen und in den \u00fcbrigen geltenden Rechtsvorschriften anerkannt sind, oder diese herabsetzt oder verletzt; \u2022 zu kriminellen, herabw\u00fcrdigenden, diffamierenden, gewaltt\u00e4tigen oder allgemein gegen das Gesetz, die Moral, die allgemein anerkannten guten Sitten oder die \u00f6ffentliche Ordnung versto\u00dfenden Handlungen verleitet, dazu auffordert oder diese f\u00f6rdert.\u2022Zu diskriminierenden Handlungen, Einstellungen oder Gedanken aufgrund von Geschlecht, Rasse, Religion, Weltanschauung, Alter oder Status verleiten, anstiften oder dazu auffordern.\u2022 Kriminelle, gewaltt\u00e4tige, beleidigende, sch\u00e4dliche, erniedrigende oder generell gegen das Gesetz, die Moral und die allgemein anerkannten guten Sitten oder die \u00f6ffentliche Ordnung versto\u00dfende Produkte, Elemente, Nachrichten und\/oder Dienstleistungen einbinden, zur Verf\u00fcgung stellen oder zug\u00e4nglich machen. Zu einem inakzeptablen Zustand der Angst oder Furcht verleiten oder verleiten k\u00f6nnen.\u2022 Zu gef\u00e4hrlichen, risikoreichen oder gesundheits- und psychisch sch\u00e4dlichen Praktiken verleiten oder anstiften.\u2022 Durch Gesetze zum Schutz des geistigen oder gewerblichen Eigentums des Unternehmens oder Dritter gesch\u00fctzt ist, ohne dass die beabsichtigte Nutzung genehmigt wurde.\u2022 Der Ehre, der pers\u00f6nlichen und famili\u00e4ren Privatsph\u00e4re oder dem Selbstbild von Personen zuwiderl\u00e4uft.\u2022 Jede Art von Werbung darstellt.\u2022 Viren oder Programme enth\u00e4lt, die den normalen Betrieb der Website beeintr\u00e4chtigen.<br \/>Wenn Ihnen f\u00fcr den Zugriff auf bestimmte Dienste und\/oder Inhalte der Website ein Passwort zur Verf\u00fcgung gestellt wird, sind Sie verpflichtet, dieses sorgf\u00e4ltig zu verwenden und jederzeit geheim zu halten. Folglich sind Sie f\u00fcr dessen ordnungsgem\u00e4\u00dfe Aufbewahrung und Vertraulichkeit verantwortlich und verpflichten sich, es weder vor\u00fcbergehend noch dauerhaft an Dritte weiterzugeben oder Unbefugten den Zugriff auf die genannten Dienste und\/oder Inhalte zu erm\u00f6glichen. Ebenso verpflichten Sie sich, das Unternehmen \u00fcber alle Vorf\u00e4lle zu informieren, die eine missbr\u00e4uchliche Verwendung Ihres Passworts darstellen k\u00f6nnten, wie z. B. Diebstahl, Verlust oder unbefugter Zugriff, damit es unverz\u00fcglich gesperrt werden kann. Solange Sie die oben genannte Benachrichtigung nicht vorgenommen haben, ist das Unternehmen von jeglicher Haftung befreit, die sich aus dem Missbrauch Ihres Passworts ergeben k\u00f6nnte, und Sie sind f\u00fcr jede rechtswidrige Nutzung der Inhalte und\/oder Dienste der Website durch unberechtigte Dritte verantwortlich. Wenn Sie fahrl\u00e4ssig oder vors\u00e4tzlich gegen eine der in diesen Allgemeinen Nutzungsbedingungen festgelegten Verpflichtungen versto\u00dfen, haften Sie f\u00fcr alle Sch\u00e4den und Nachteile, die dem Unternehmen aus diesem Versto\u00df entstehen k\u00f6nnen.<\/p><p><strong>6. HAFTUNG<\/strong><\/p><p>Es wird weder der kontinuierliche Zugriff noch die korrekte Anzeige, das Herunterladen oder die Verwendbarkeit der auf der Website enthaltenen Elemente und Informationen garantiert, die durch Faktoren oder Umst\u00e4nde, die au\u00dferhalb ihrer Kontrolle liegen, verhindert, erschwert oder unterbrochen werden k\u00f6nnen. Sie \u00fcbernimmt keine Verantwortung f\u00fcr Entscheidungen, die aufgrund des Zugriffs auf die angebotenen Inhalte oder Informationen getroffen werden k\u00f6nnten.<\/p><p>Der Dienst kann unterbrochen oder die Beziehung zum Nutzer sofort beendet werden, wenn festgestellt wird, dass die Nutzung seines Webbereichs oder eines der darin angebotenen Dienste gegen diese Allgemeinen Nutzungsbedingungen verst\u00f6\u00dft. Wir \u00fcbernehmen keine Verantwortung f\u00fcr Sch\u00e4den, Verluste, Anspr\u00fcche oder Kosten, die sich aus der Nutzung des Webbereichs ergeben.<\/p><p>Wir sind lediglich daf\u00fcr verantwortlich, Inhalte, die solche Sch\u00e4den verursachen k\u00f6nnen, so schnell wie m\u00f6glich zu entfernen, sofern wir dar\u00fcber informiert werden. Insbesondere haften wir nicht f\u00fcr Sch\u00e4den, die unter anderem aus folgenden Gr\u00fcnden entstehen k\u00f6nnen:<\/p><p>St\u00f6rungen, Unterbrechungen, Ausf\u00e4lle, Auslassungen, Telefonausf\u00e4lle, Verz\u00f6gerungen, Blockierungen oder Unterbrechungen im Betrieb des elektronischen Systems, die durch M\u00e4ngel, \u00dcberlastungen und Fehler in den Telekommunikationsleitungen und -netzen oder durch andere Ursachen au\u00dferhalb der Kontrolle des Unternehmens verursacht werden.<br \/>Unrechtm\u00e4\u00dfige Eingriffe durch die Verwendung von Schadprogrammen jeglicher Art und \u00fcber jegliche Kommunikationsmittel, wie Computerviren oder andere.<br \/>Missbr\u00e4uchliche oder unangemessene Nutzung des Webspace.<br \/>Sicherheits- oder Navigationsfehler, die durch eine Fehlfunktion des Browsers oder durch die Verwendung nicht aktualisierter Versionen desselben verursacht werden. Der Administrator des Webspace beh\u00e4lt sich das Recht vor, Inhalte oder Informationen auf dem Webspace ganz oder teilweise zu entfernen.<br \/>Das Unternehmen schlie\u00dft jegliche Haftung f\u00fcr Sch\u00e4den jeglicher Art aus, die durch die missbr\u00e4uchliche Nutzung der frei verf\u00fcgbaren und nutzbaren Dienste durch die Nutzer des Webspace entstehen k\u00f6nnten. Ebenso ist das Unternehmen von jeglicher Haftung f\u00fcr Inhalte und Informationen befreit, die aufgrund von Datenerfassungsformularen erhalten werden, da diese ausschlie\u00dflich f\u00fcr die Erbringung von Beratungs- und Auskunftsdiensten bestimmt sind. Andererseits kann der Nutzer im Falle von Sch\u00e4den, die durch eine rechtswidrige oder unsachgem\u00e4\u00dfe Nutzung dieser Dienste verursacht werden, f\u00fcr die entstandenen Sch\u00e4den haftbar gemacht werden.<\/p><p>Sie halten das Unternehmen schadlos gegen\u00fcber jeglichen Sch\u00e4den und Nachteilen, die sich aus Anspr\u00fcchen, Klagen oder Forderungen Dritter aufgrund Ihres Zugriffs auf die Website oder deren Nutzung ergeben. Ebenso verpflichten Sie sich, alle Sch\u00e4den und Nachteile zu ersetzen, die sich aus Ihrer Nutzung von \u201eRobots\u201d, \u201eSpiders\u201d, \u201eCrawlers\u201d oder \u00e4hnlichen Tools zum Sammeln oder Extrahieren von Daten oder aus anderen Handlungen Ihrerseits ergeben, die eine unangemessene Belastung f\u00fcr den Betrieb der Website darstellen.<\/p><p><strong>7. HYPERLINKS<\/strong><\/p><p>Der Nutzer verpflichtet sich, die Website sowie deren Inhalte ohne ausdr\u00fcckliche schriftliche Genehmigung des f\u00fcr die Datei Verantwortlichen in keiner Weise zu reproduzieren, auch nicht mittels eines Hyperlinks oder Hyperlinks.<\/p><p>Die Website kann Links zu anderen Websites enthalten, die von Dritten betrieben werden, um dem Nutzer den Zugang zu Informationen \u00fcber Partnerunternehmen und\/oder Sponsoren zu erleichtern. Dementsprechend \u00fcbernimmt das Unternehmen keine Verantwortung f\u00fcr den Inhalt dieser Websites und ist weder Garant noch Anbieter der Dienste und\/oder Informationen, die Dritten \u00fcber die Links Dritter angeboten werden k\u00f6nnen.<\/p><p>Dem Nutzer wird ein beschr\u00e4nktes, widerrufliches und nicht exklusives Recht einger\u00e4umt, Links zur Startseite der Website ausschlie\u00dflich f\u00fcr den privaten und nicht kommerziellen Gebrauch zu erstellen. Websites, die einen Link zu unserer Website enthalten, (i) d\u00fcrfen weder ihre Beziehung zu uns falsch darstellen noch behaupten, dass ein solcher Link autorisiert wurde, noch Marken, Bezeichnungen, Handelsnamen, Logos oder andere Kennzeichen unseres Unternehmens enthalten; (ii) d\u00fcrfen keine Inhalte enthalten, die als geschmacklos, obsz\u00f6n, beleidigend, kontrovers, zu Gewalt oder Diskriminierung aufgrund von Geschlecht, Rasse oder Religion aufrufend, gegen die \u00f6ffentliche Ordnung versto\u00dfend oder rechtswidrig angesehen werden k\u00f6nnen; (iii) d\u00fcrfen nicht auf andere Seiten der Website als die Startseite verlinken; (iv) Sie m\u00fcssen mit der Adresse der Website selbst verlinkt sein, ohne dass die Website, die den Link setzt, die Website als Teil ihrer Website oder innerhalb eines ihrer \u201eFrames\u201d reproduziert oder einen \u201eBrowser\u201d auf einer der Seiten der Website erstellt. Das Unternehmen kann jederzeit verlangen, dass Sie einen Link zur Website entfernen, woraufhin Sie diesen unverz\u00fcglich entfernen m\u00fcssen.<\/p><p>Das Unternehmen hat keine Kontrolle \u00fcber die Informationen, Inhalte, Produkte oder Dienstleistungen, die von anderen Websites bereitgestellt werden, die Links zur Website enthalten.<\/p><p><strong>8. DATENSCHUTZ<\/strong><\/p><p>Um bestimmte Dienste nutzen zu k\u00f6nnen, muss der Nutzer zuvor bestimmte personenbezogene Daten angeben. Das Unternehmen verarbeitet diese Daten automatisiert und wendet die entsprechenden Sicherheitsma\u00dfnahmen an, wobei die Bestimmungen der DSGVO, des LOPDGDD und des LSSI eingehalten werden. Der Nutzer kann die Richtlinien zur Verarbeitung personenbezogener Daten sowie die zuvor festgelegten Zwecke unter den in der Datenschutzerkl\u00e4rung definierten Bedingungen einsehen.<\/p>\t\t\t\t\t\t\t\t<\/div>\n\t\t\t\t<\/div>\n\t\t\t\t\t<\/div>\n\t\t<\/div>\n\t\t\t\t\t<\/div>\n\t\t<\/section>\n\t\t\t\t<\/div>","protected":false},"excerpt":{"rendered":"<p>Datenschutzerkl\u00e4rung Casa Palacio C\u00e1diz Informationen zur Datenschutzerkl\u00e4rung Casa Palacios C\u00e1diz, verantwortlich f\u00fcr die Website, im Folgenden VERANTWORTLICHER, stellt den Nutzern dieses Dokument zur Verf\u00fcgung, mit dem es beabsichtigt, die Verpflichtungen gem\u00e4\u00df dem Gesetz 34\/2002 vom 11. Juli \u00fcber Dienste der Informationsgesellschaft und des elektronischen Handels (LSSICE) zu erf\u00fcllen und alle Nutzer der Website \u00fcber die [&hellip;]<\/p>\n","protected":false},"author":1,"featured_media":0,"parent":0,"menu_order":0,"comment_status":"closed","ping_status":"closed","template":"elementor_header_footer","meta":{"footnotes":""},"class_list":["post-3908","page","type-page","status-publish","hentry"],"_links":{"self":[{"href":"https:\/\/casapalaciocadiz.com\/de\/wp-json\/wp\/v2\/pages\/3908","targetHints":{"allow":["GET"]}}],"collection":[{"href":"https:\/\/casapalaciocadiz.com\/de\/wp-json\/wp\/v2\/pages"}],"about":[{"href":"https:\/\/casapalaciocadiz.com\/de\/wp-json\/wp\/v2\/types\/page"}],"author":[{"embeddable":true,"href":"https:\/\/casapalaciocadiz.com\/de\/wp-json\/wp\/v2\/users\/1"}],"replies":[{"embeddable":true,"href":"https:\/\/casapalaciocadiz.com\/de\/wp-json\/wp\/v2\/comments?post=3908"}],"version-history":[{"count":5,"href":"https:\/\/casapalaciocadiz.com\/de\/wp-json\/wp\/v2\/pages\/3908\/revisions"}],"predecessor-version":[{"id":3913,"href":"https:\/\/casapalaciocadiz.com\/de\/wp-json\/wp\/v2\/pages\/3908\/revisions\/3913"}],"wp:attachment":[{"href":"https:\/\/casapalaciocadiz.com\/de\/wp-json\/wp\/v2\/media?parent=3908"}],"curies":[{"name":"wp","href":"https:\/\/api.w.org\/{rel}","templated":true}]}}