{"id":3793,"date":"2026-01-16T09:24:01","date_gmt":"2026-01-16T09:24:01","guid":{"rendered":"https:\/\/casapalaciocadiz.com\/?page_id=3793"},"modified":"2026-01-16T09:48:02","modified_gmt":"2026-01-16T09:48:02","slug":"cookie-richtlinie","status":"publish","type":"page","link":"https:\/\/casapalaciocadiz.com\/de\/cookie-richtlinie\/","title":{"rendered":"Politica de Cookies DE"},"content":{"rendered":"<div data-elementor-type=\"wp-page\" data-elementor-id=\"3793\" class=\"elementor elementor-3793\" data-elementor-post-type=\"page\">\n\t\t\t\t\t\t<section class=\"elementor-section elementor-top-section elementor-element elementor-element-c2a19e7 elementor-section-height-min-height elementor-section-full_width elementor-section-items-stretch elementor-section-content-middle elementor-section-height-default\" data-id=\"c2a19e7\" data-element_type=\"section\" data-e-type=\"section\" data-settings=\"{&quot;background_background&quot;:&quot;classic&quot;}\">\n\t\t\t\t\t\t\t<div class=\"elementor-background-overlay\"><\/div>\n\t\t\t\t\t\t\t<div class=\"elementor-container elementor-column-gap-default\">\n\t\t\t\t\t<div class=\"elementor-column elementor-col-100 elementor-top-column elementor-element elementor-element-06bb587\" data-id=\"06bb587\" data-element_type=\"column\" data-e-type=\"column\">\n\t\t\t<div class=\"elementor-widget-wrap elementor-element-populated\">\n\t\t\t\t\t\t<div class=\"elementor-element elementor-element-144123a elementor-widget elementor-widget-heading\" data-id=\"144123a\" data-element_type=\"widget\" data-e-type=\"widget\" data-widget_type=\"heading.default\">\n\t\t\t\t<div class=\"elementor-widget-container\">\n\t\t\t\t\t<h1 class=\"elementor-heading-title elementor-size-default\">Cookie-Richtlinie<\/h1>\t\t\t\t<\/div>\n\t\t\t\t<\/div>\n\t\t\t\t<div class=\"elementor-element elementor-element-65e544e elementor-widget elementor-widget-heading\" data-id=\"65e544e\" data-element_type=\"widget\" data-e-type=\"widget\" data-widget_type=\"heading.default\">\n\t\t\t\t<div class=\"elementor-widget-container\">\n\t\t\t\t\t<h4 class=\"elementor-heading-title elementor-size-default\">Casa Palacio C\u00e1diz <\/h4>\t\t\t\t<\/div>\n\t\t\t\t<\/div>\n\t\t\t\t\t<\/div>\n\t\t<\/div>\n\t\t\t\t\t<\/div>\n\t\t<\/section>\n\t\t\t\t<section class=\"elementor-section elementor-top-section elementor-element elementor-element-8adfbab elementor-section-boxed elementor-section-height-default elementor-section-height-default\" data-id=\"8adfbab\" data-element_type=\"section\" data-e-type=\"section\">\n\t\t\t\t\t\t<div class=\"elementor-container elementor-column-gap-default\">\n\t\t\t\t\t<div class=\"elementor-column elementor-col-100 elementor-top-column elementor-element elementor-element-9dc4c54\" data-id=\"9dc4c54\" data-element_type=\"column\" data-e-type=\"column\">\n\t\t\t<div class=\"elementor-widget-wrap elementor-element-populated\">\n\t\t\t\t\t\t<div class=\"elementor-element elementor-element-81a0118 elementor-widget elementor-widget-heading\" data-id=\"81a0118\" data-element_type=\"widget\" data-e-type=\"widget\" data-widget_type=\"heading.default\">\n\t\t\t\t<div class=\"elementor-widget-container\">\n\t\t\t\t\t<h1 class=\"elementor-heading-title elementor-size-xl\">Informationen zu Cookies<\/h1>\t\t\t\t<\/div>\n\t\t\t\t<\/div>\n\t\t\t\t<div class=\"elementor-element elementor-element-3cef370 elementor-drop-cap-yes elementor-drop-cap-view-default elementor-widget elementor-widget-text-editor\" data-id=\"3cef370\" data-element_type=\"widget\" data-e-type=\"widget\" data-settings=\"{&quot;drop_cap&quot;:&quot;yes&quot;}\" data-widget_type=\"text-editor.default\">\n\t\t\t\t<div class=\"elementor-widget-container\">\n\t\t\t\t\t\t\t\t\t<p>Diese Website verwendet, wie die meisten Websites im Internet, Cookies, um die Benutzererfahrung zu verbessern und zu optimieren. Nachfolgend finden Sie detaillierte Informationen dar\u00fcber, was Cookies sind, welche Arten von Cookies diese Website verwendet, wie Sie sie in Ihrem Browser deaktivieren k\u00f6nnen und wie Sie die Installation von Cookies von Drittanbietern gezielt blockieren k\u00f6nnen.<\/p><p>Cookies sind Dateien, die Websites oder Anwendungen im Browser oder auf dem Ger\u00e4t (Smartphone, Tablet oder Smart-TV) des Benutzers installieren, w\u00e4hrend dieser die Seiten der Website oder die Anwendung besucht, und die dazu dienen, Informationen \u00fcber seinen Besuch zu speichern. Wie die meisten Websites im Internet verwendet auch diese Website Cookies, um:<\/p><p>sicherzustellen, dass die Webseiten ordnungsgem\u00e4\u00df funktionieren.<br \/>Speicherung von Pr\u00e4ferenzen, wie z. B. der ausgew\u00e4hlten Sprache oder der Schriftgr\u00f6\u00dfe.<br \/>Erfassung der Browser-Erfahrung des Benutzers.<br \/>Erfassung anonymer statistischer Informationen, wie z. B. welche Seiten der Benutzer besucht hat oder wie lange er auf der Website geblieben ist.<br \/>Die Verwendung von Cookies erm\u00f6glicht es, die Navigation zu optimieren, indem die angebotenen Informationen und Dienste an die Interessen des Benutzers angepasst werden, um ihm bei jedem Besuch der Website ein besseres Erlebnis zu bieten.<\/p><p>Diese Website verwendet Cookies, um zu funktionieren, sich anzupassen und die Navigation f\u00fcr den Benutzer so einfach wie m\u00f6glich zu gestalten.<\/p>\t\t\t\t\t\t\t\t<\/div>\n\t\t\t\t<\/div>\n\t\t\t\t<div class=\"elementor-element elementor-element-43e520b elementor-widget-divider--view-line elementor-widget elementor-widget-divider\" data-id=\"43e520b\" data-element_type=\"widget\" data-e-type=\"widget\" data-widget_type=\"divider.default\">\n\t\t\t\t<div class=\"elementor-widget-container\">\n\t\t\t\t\t\t\t<div class=\"elementor-divider\">\n\t\t\t<span class=\"elementor-divider-separator\">\n\t\t\t\t\t\t<\/span>\n\t\t<\/div>\n\t\t\t\t\t\t<\/div>\n\t\t\t\t<\/div>\n\t\t\t\t<div class=\"elementor-element elementor-element-e2c1333 elementor-widget elementor-widget-text-editor\" data-id=\"e2c1333\" data-element_type=\"widget\" data-e-type=\"widget\" data-widget_type=\"text-editor.default\">\n\t\t\t\t<div class=\"elementor-widget-container\">\n\t\t\t\t\t\t\t\t\t<p>Art der Cookies<\/p><p>Technisch notwendige Cookies. Dateien, die zum Surfen und zur Herstellung bzw. Aufrechterhaltung der Verbindung des Benutzers zur Website erforderlich sind. Wenn Sie diese deaktivieren, kann es sein, dass bestimmte Bereiche der Website nicht ordnungsgem\u00e4\u00df funktionieren.<\/p><p>Personalisierungs-Cookies. Diese erm\u00f6glichen es, bestimmte Pr\u00e4ferenzen des Benutzers zu speichern.<br \/>Werbe-Cookies. Diese werden verwendet, um die auf der Website geschalteten Anzeigen zu verwalten und deren Inhalt und H\u00e4ufigkeit zu bestimmen.<\/p><p>Cookies f\u00fcr soziale Netzwerke. Diese Cookies sind notwendig, um Sie in Ihren sozialen Netzwerken zu identifizieren und Ihnen so das Teilen von Inhalten zu erm\u00f6glichen.<\/p><p>Informationen:<\/p><p>Wenn der Benutzer dies w\u00fcnscht, kann er die Annahme von Cookies im Browser oder die Annahme von Cookies eines bestimmten Dienstes deaktivieren.<\/p><p>Alle modernen Browser erm\u00f6glichen es, die Cookie-Einstellungen zu \u00e4ndern. Diese Einstellungen finden Sie normalerweise unter \u201eOptionen\u201d oder \u201eEinstellungen\u201d im Browser-Men\u00fc.<\/p><p>Der Nutzer kann die Verwendung von Cookies auf dieser Website jederzeit \u00fcber die Browsereinstellungen deaktivieren.<\/p>\t\t\t\t\t\t\t\t<\/div>\n\t\t\t\t<\/div>\n\t\t\t\t\t<\/div>\n\t\t<\/div>\n\t\t\t\t\t<\/div>\n\t\t<\/section>\n\t\t\t\t<\/div>","protected":false},"excerpt":{"rendered":"<p>Cookie-Richtlinie Casa Palacio C\u00e1diz Informationen zu Cookies Diese Website verwendet, wie die meisten Websites im Internet, Cookies, um die Benutzererfahrung zu verbessern und zu optimieren. Nachfolgend finden Sie detaillierte Informationen dar\u00fcber, was Cookies sind, welche Arten von Cookies diese Website verwendet, wie Sie sie in Ihrem Browser deaktivieren k\u00f6nnen und wie Sie die Installation von [&hellip;]<\/p>\n","protected":false},"author":1,"featured_media":0,"parent":0,"menu_order":0,"comment_status":"closed","ping_status":"closed","template":"elementor_header_footer","meta":{"footnotes":""},"class_list":["post-3793","page","type-page","status-publish","hentry"],"_links":{"self":[{"href":"https:\/\/casapalaciocadiz.com\/de\/wp-json\/wp\/v2\/pages\/3793","targetHints":{"allow":["GET"]}}],"collection":[{"href":"https:\/\/casapalaciocadiz.com\/de\/wp-json\/wp\/v2\/pages"}],"about":[{"href":"https:\/\/casapalaciocadiz.com\/de\/wp-json\/wp\/v2\/types\/page"}],"author":[{"embeddable":true,"href":"https:\/\/casapalaciocadiz.com\/de\/wp-json\/wp\/v2\/users\/1"}],"replies":[{"embeddable":true,"href":"https:\/\/casapalaciocadiz.com\/de\/wp-json\/wp\/v2\/comments?post=3793"}],"version-history":[{"count":9,"href":"https:\/\/casapalaciocadiz.com\/de\/wp-json\/wp\/v2\/pages\/3793\/revisions"}],"predecessor-version":[{"id":3802,"href":"https:\/\/casapalaciocadiz.com\/de\/wp-json\/wp\/v2\/pages\/3793\/revisions\/3802"}],"wp:attachment":[{"href":"https:\/\/casapalaciocadiz.com\/de\/wp-json\/wp\/v2\/media?parent=3793"}],"curies":[{"name":"wp","href":"https:\/\/api.w.org\/{rel}","templated":true}]}}