{"id":3634,"date":"2026-01-13T09:43:28","date_gmt":"2026-01-13T09:43:28","guid":{"rendered":"https:\/\/casapalaciocadiz.com\/?page_id=3634"},"modified":"2026-01-21T11:24:33","modified_gmt":"2026-01-21T11:24:33","slug":"aktivitaten","status":"publish","type":"page","link":"https:\/\/casapalaciocadiz.com\/de\/aktivitaten\/","title":{"rendered":"Actividades DE"},"content":{"rendered":"\t\t<div data-elementor-type=\"wp-page\" data-elementor-id=\"3634\" class=\"elementor elementor-3634\" data-elementor-post-type=\"page\">\n\t\t\t\t\t\t<section class=\"elementor-section elementor-top-section elementor-element elementor-element-2a8998d elementor-section-height-min-height elementor-section-items-stretch elementor-section-boxed elementor-section-height-default\" data-id=\"2a8998d\" data-element_type=\"section\" data-e-type=\"section\" data-settings=\"{&quot;background_background&quot;:&quot;classic&quot;,&quot;background_motion_fx_motion_fx_scrolling&quot;:&quot;yes&quot;,&quot;background_motion_fx_opacity_effect&quot;:&quot;yes&quot;,&quot;background_motion_fx_opacity_range&quot;:{&quot;unit&quot;:&quot;%&quot;,&quot;size&quot;:&quot;&quot;,&quot;sizes&quot;:{&quot;start&quot;:&quot;20&quot;,&quot;end&quot;:&quot;40&quot;}},&quot;background_motion_fx_scale_direction&quot;:&quot;in-out-in&quot;,&quot;background_motion_fx_scale_speed&quot;:{&quot;unit&quot;:&quot;px&quot;,&quot;size&quot;:&quot;1&quot;,&quot;sizes&quot;:[]},&quot;background_motion_fx_scale_range&quot;:{&quot;unit&quot;:&quot;%&quot;,&quot;size&quot;:&quot;&quot;,&quot;sizes&quot;:{&quot;start&quot;:&quot;27&quot;,&quot;end&quot;:&quot;100&quot;}},&quot;background_motion_fx_scale_effect&quot;:&quot;yes&quot;,&quot;background_motion_fx_opacity_level&quot;:{&quot;unit&quot;:&quot;px&quot;,&quot;size&quot;:3,&quot;sizes&quot;:[]},&quot;background_motion_fx_opacity_direction&quot;:&quot;out-in&quot;,&quot;background_motion_fx_devices&quot;:[&quot;desktop&quot;,&quot;tablet&quot;,&quot;mobile&quot;]}\">\n\t\t\t\t\t\t<div class=\"elementor-container elementor-column-gap-default\">\n\t\t\t\t\t<div class=\"elementor-column elementor-col-100 elementor-top-column elementor-element elementor-element-053a1c6\" data-id=\"053a1c6\" data-element_type=\"column\" data-e-type=\"column\" data-settings=\"{&quot;background_background&quot;:&quot;classic&quot;}\">\n\t\t\t<div class=\"elementor-widget-wrap elementor-element-populated\">\n\t\t\t\t\t\t<div class=\"elementor-element elementor-element-af84870 fondo-sombreado elementor-widget elementor-widget-html\" data-id=\"af84870\" data-element_type=\"widget\" data-e-type=\"widget\" data-widget_type=\"html.default\">\n\t\t\t\t<div class=\"elementor-widget-container\">\n\t\t\t\t\t<h2>Aktivit\u00e4ten<\/h2>\t\t\t\t<\/div>\n\t\t\t\t<\/div>\n\t\t\t\t\t<\/div>\n\t\t<\/div>\n\t\t\t\t\t<\/div>\n\t\t<\/section>\n\t\t\t\t<section class=\"elementor-section elementor-top-section elementor-element elementor-element-91a3c88 elementor-section-boxed elementor-section-height-default elementor-section-height-default\" data-id=\"91a3c88\" data-element_type=\"section\" data-e-type=\"section\">\n\t\t\t\t\t\t<div class=\"elementor-container elementor-column-gap-default\">\n\t\t\t\t\t<div class=\"elementor-column elementor-col-100 elementor-top-column elementor-element elementor-element-f0969b3\" data-id=\"f0969b3\" data-element_type=\"column\" data-e-type=\"column\">\n\t\t\t<div class=\"elementor-widget-wrap elementor-element-populated\">\n\t\t\t\t\t\t<div class=\"elementor-element elementor-element-75a04da elementor-widget elementor-widget-html\" data-id=\"75a04da\" data-element_type=\"widget\" data-e-type=\"widget\" data-widget_type=\"html.default\">\n\t\t\t\t<div class=\"elementor-widget-container\">\n\t\t\t\t\t<p>Wir m\u00f6chten, dass Sie C\u00e1diz wie ein Einheimischer erleben. Deshalb haben wir unsere Lieblingsorte in den Bereichen Gastronomie, Kultur und Freizeit ausgew\u00e4hlt, um Ihnen bei Ihrem Besuch als Leitfaden zu dienen. Diese Liste basiert ausschlie\u00dflich auf unseren pers\u00f6nlichen Erfahrungen und wir stehen in keiner gesch\u00e4ftlichen Verbindung zu den genannten Unternehmen. Unser einziges Ziel ist es, dass Sie Ihren Aufenthalt in vollen Z\u00fcgen genie\u00dfen k\u00f6nnen.<\/p>\t\t\t\t<\/div>\n\t\t\t\t<\/div>\n\t\t\t\t\t<\/div>\n\t\t<\/div>\n\t\t\t\t\t<\/div>\n\t\t<\/section>\n\t\t\t\t<section class=\"elementor-section elementor-top-section elementor-element elementor-element-bdb5f86 elementor-section-boxed elementor-section-height-default elementor-section-height-default\" data-id=\"bdb5f86\" data-element_type=\"section\" data-e-type=\"section\">\n\t\t\t\t\t\t<div class=\"elementor-container elementor-column-gap-default\">\n\t\t\t\t\t<div class=\"elementor-column elementor-col-33 elementor-top-column elementor-element elementor-element-f000ec7\" data-id=\"f000ec7\" data-element_type=\"column\" data-e-type=\"column\">\n\t\t\t<div class=\"elementor-widget-wrap elementor-element-populated\">\n\t\t\t\t\t\t<div class=\"elementor-element elementor-element-d5a96e6 elementor-widget elementor-widget-html\" data-id=\"d5a96e6\" data-element_type=\"widget\" data-e-type=\"widget\" data-widget_type=\"html.default\">\n\t\t\t\t<div class=\"elementor-widget-container\">\n\t\t\t\t\t<h3>Restaurierung<\/h3>\n<br><br>\n<p><b>Bar Terraza<\/b>: Auf dem Platz der Kathedrale in der wundersch\u00f6nen Stadt C\u00e1diz gelegen.<a href=\"https:\/\/share.google\/bZhhlvgSC8aZINdk2\">Standort anzeigen<\/a><\/p>\n<p><b>Malines Dfer<\/b>: Hamburgerrestaurant in der Av. Am\u00edlcar Barca, 25. <a href=\"https:\/\/share.google\/VKh0B8pXmircMrinE\">Standort anzeigen<\/a><\/p>\n<p><b>Puerta del Ed\u00e9n<\/b>: Arabische Halal-K\u00fcche im Herzen von C\u00e1diz. Erleben Sie einzigartige Aromen in El P\u00f3pulo, neben der Kathedrale.. <a href=\"https:\/\/share.google\/nVp2PjHNq5lxqIesE\">Standort anzeigen<\/a><\/p>\t\t\t\t<\/div>\n\t\t\t\t<\/div>\n\t\t\t\t\t<\/div>\n\t\t<\/div>\n\t\t\t\t<div class=\"elementor-column elementor-col-33 elementor-top-column elementor-element elementor-element-d09368a\" data-id=\"d09368a\" data-element_type=\"column\" data-e-type=\"column\">\n\t\t\t<div class=\"elementor-widget-wrap elementor-element-populated\">\n\t\t\t\t\t\t<div class=\"elementor-element elementor-element-aceff2d elementor-widget elementor-widget-html\" data-id=\"aceff2d\" data-element_type=\"widget\" data-e-type=\"widget\" data-widget_type=\"html.default\">\n\t\t\t\t<div class=\"elementor-widget-container\">\n\t\t\t\t\t<h3>Denkm\u00e4ler<\/h3>\n<br><br>\n<p><b>Kathedrale von C\u00e1diz<\/b>: Die Kathedrale von C\u00e1diz ist eine r\u00f6misch-katholische Kirche und eines der religi\u00f6sen Geb\u00e4ude der Stadt und der Di\u00f6zese. <a href=\"https:\/\/share.google\/CMTyI5Wt152CfDoJB\">Standort anzeigen<\/a><\/p>\n<p><b>Monumento de la Constituci\u00f3n (Denkmal der Verfassung)<\/b>: Das Denkmal besteht aus Marmor und Granit und ist 21 Meter hoch. Es hat vier Seiten, jede mit einer anderen Inschrift. <a href=\"https:\/\/share.google\/VCVWd3aDquTYTWrdt\">Standort anzeigen<\/a><\/p>\n<p><b>Gran Teatro Falla<\/b>: Das Gran Teatro Falla in C\u00e1diz ist eines der bedeutendsten Geb\u00e4ude der Stadt. <a href=\"https:\/\/share.google\/nVp2PjHNq5lxqIesE\">Standort anzeigen<\/a><\/p>\t\t\t\t<\/div>\n\t\t\t\t<\/div>\n\t\t\t\t\t<\/div>\n\t\t<\/div>\n\t\t\t\t<div class=\"elementor-column elementor-col-33 elementor-top-column elementor-element elementor-element-1cf7af9\" data-id=\"1cf7af9\" data-element_type=\"column\" data-e-type=\"column\">\n\t\t\t<div class=\"elementor-widget-wrap elementor-element-populated\">\n\t\t\t\t\t\t<div class=\"elementor-element elementor-element-ac4fc8b elementor-widget elementor-widget-html\" data-id=\"ac4fc8b\" data-element_type=\"widget\" data-e-type=\"widget\" data-widget_type=\"html.default\">\n\t\t\t\t<div class=\"elementor-widget-container\">\n\t\t\t\t\t<h3>Freizeit<\/h3>\n<br><br>\n<p><b>Strand von La Caleta<\/b>: Wir empfehlen Ihnen, den Sonnenuntergang am Strand von La Caleta zu beobachten. <a href=\"https:\/\/share.google\/Zujue7dsiQ1K0pzOk\">Standort anzeigen<\/a><\/p>\n<p><b>Parque Genov\u00e9s<\/b>: Die gr\u00f6\u00dfte Gr\u00fcnfl\u00e4che in der Altstadt von C\u00e1diz. <a href=\"https:\/\/share.google\/cEKj89w0pz6uHNLXE\">Standort anzeigen<\/a><\/p>\t\t\t\t<\/div>\n\t\t\t\t<\/div>\n\t\t\t\t\t<\/div>\n\t\t<\/div>\n\t\t\t\t\t<\/div>\n\t\t<\/section>\n\t\t\t\t<section class=\"elementor-section elementor-top-section elementor-element elementor-element-3ebdeaa elementor-section-boxed elementor-section-height-default elementor-section-height-default\" data-id=\"3ebdeaa\" data-element_type=\"section\" data-e-type=\"section\">\n\t\t\t\t\t\t<div class=\"elementor-container elementor-column-gap-default\">\n\t\t\t\t\t<div class=\"elementor-column elementor-col-100 elementor-top-column elementor-element elementor-element-849dbe7\" data-id=\"849dbe7\" data-element_type=\"column\" data-e-type=\"column\">\n\t\t\t<div class=\"elementor-widget-wrap elementor-element-populated\">\n\t\t\t\t\t\t<div class=\"elementor-element elementor-element-aa447f5 elementor-widget-divider--view-line elementor-widget elementor-widget-divider\" data-id=\"aa447f5\" data-element_type=\"widget\" data-e-type=\"widget\" data-widget_type=\"divider.default\">\n\t\t\t\t<div class=\"elementor-widget-container\">\n\t\t\t\t\t\t\t<div class=\"elementor-divider\">\n\t\t\t<span class=\"elementor-divider-separator\">\n\t\t\t\t\t\t<\/span>\n\t\t<\/div>\n\t\t\t\t\t\t<\/div>\n\t\t\t\t<\/div>\n\t\t\t\t<div class=\"elementor-element elementor-element-ac03dfc elementor-widget elementor-widget-html\" data-id=\"ac03dfc\" data-element_type=\"widget\" data-e-type=\"widget\" data-widget_type=\"html.default\">\n\t\t\t\t<div class=\"elementor-widget-container\">\n\t\t\t\t\t<p>M\u00f6chten Sie die perfekte Unterkunft f\u00fcr sich finden? Wir empfehlen Ihnen, unsere Rubriken Casa Palacio (Zentrum von C\u00e1diz) und Antiguo Balneario (Strand von C\u00e1diz) zu besuchen, um sich die verschiedenen Optionen, die Ihnen zur Verf\u00fcgung stehen, im Detail anzusehen.<\/p>\t\t\t\t<\/div>\n\t\t\t\t<\/div>\n\t\t\t\t\t<\/div>\n\t\t<\/div>\n\t\t\t\t\t<\/div>\n\t\t<\/section>\n\t\t\t\t<section class=\"elementor-section elementor-top-section elementor-element elementor-element-20d9e67 elementor-section-boxed elementor-section-height-default elementor-section-height-default\" data-id=\"20d9e67\" data-element_type=\"section\" data-e-type=\"section\">\n\t\t\t\t\t\t<div class=\"elementor-container elementor-column-gap-default\">\n\t\t\t\t\t<div class=\"elementor-column elementor-col-50 elementor-top-column elementor-element elementor-element-4f343dd\" data-id=\"4f343dd\" data-element_type=\"column\" data-e-type=\"column\">\n\t\t\t<div class=\"elementor-widget-wrap elementor-element-populated\">\n\t\t\t\t\t\t<div class=\"elementor-element elementor-element-fe660d9 elementor-widget__width-initial elementor-widget-tablet__width-initial elementor-widget-mobile__width-initial elementor-widget elementor-widget-html\" data-id=\"fe660d9\" data-element_type=\"widget\" data-e-type=\"widget\" data-widget_type=\"html.default\">\n\t\t\t\t<div class=\"elementor-widget-container\">\n\t\t\t\t\t<div class=\"centered-container\">\r\n    <a href=\"https:\/\/casapalaciocadiz.com\/de\/apartments-casa-palacio\/\" class=\"reserve-btn\">Unterk\u00fcnfte im Zentrum anzeigen<\/a>\r\n<\/div>\t\t\t\t<\/div>\n\t\t\t\t<\/div>\n\t\t\t\t\t<\/div>\n\t\t<\/div>\n\t\t\t\t<div class=\"elementor-column elementor-col-50 elementor-top-column elementor-element elementor-element-31c5fca\" data-id=\"31c5fca\" data-element_type=\"column\" data-e-type=\"column\">\n\t\t\t<div class=\"elementor-widget-wrap elementor-element-populated\">\n\t\t\t\t\t\t<div class=\"elementor-element elementor-element-312720b elementor-widget__width-initial elementor-widget-tablet__width-initial elementor-widget-mobile__width-initial elementor-widget elementor-widget-html\" data-id=\"312720b\" data-element_type=\"widget\" data-e-type=\"widget\" data-widget_type=\"html.default\">\n\t\t\t\t<div class=\"elementor-widget-container\">\n\t\t\t\t\t<div class=\"centered-container\">\r\n    <a href=\"https:\/\/casapalaciocadiz.com\/de\/apartments-antiguo-balneario\/\" class=\"reserve-btn\">Unterk\u00fcnfte am Strand anzeigen<\/a>\r\n<\/div>\t\t\t\t<\/div>\n\t\t\t\t<\/div>\n\t\t\t\t\t<\/div>\n\t\t<\/div>\n\t\t\t\t\t<\/div>\n\t\t<\/section>\n\t\t\t\t<\/div>\n\t\t","protected":false},"excerpt":{"rendered":"<p>Aktivit\u00e4ten Wir m\u00f6chten, dass Sie C\u00e1diz wie ein Einheimischer erleben. Deshalb haben wir unsere Lieblingsorte in den Bereichen Gastronomie, Kultur und Freizeit ausgew\u00e4hlt, um Ihnen bei Ihrem Besuch als Leitfaden zu dienen. Diese Liste basiert ausschlie\u00dflich auf unseren pers\u00f6nlichen Erfahrungen und wir stehen in keiner gesch\u00e4ftlichen Verbindung zu den genannten Unternehmen. Unser einziges Ziel ist [&hellip;]<\/p>\n","protected":false},"author":1,"featured_media":0,"parent":0,"menu_order":0,"comment_status":"closed","ping_status":"closed","template":"elementor_header_footer","meta":{"footnotes":""},"class_list":["post-3634","page","type-page","status-publish","hentry"],"_links":{"self":[{"href":"https:\/\/casapalaciocadiz.com\/de\/wp-json\/wp\/v2\/pages\/3634","targetHints":{"allow":["GET"]}}],"collection":[{"href":"https:\/\/casapalaciocadiz.com\/de\/wp-json\/wp\/v2\/pages"}],"about":[{"href":"https:\/\/casapalaciocadiz.com\/de\/wp-json\/wp\/v2\/types\/page"}],"author":[{"embeddable":true,"href":"https:\/\/casapalaciocadiz.com\/de\/wp-json\/wp\/v2\/users\/1"}],"replies":[{"embeddable":true,"href":"https:\/\/casapalaciocadiz.com\/de\/wp-json\/wp\/v2\/comments?post=3634"}],"version-history":[{"count":15,"href":"https:\/\/casapalaciocadiz.com\/de\/wp-json\/wp\/v2\/pages\/3634\/revisions"}],"predecessor-version":[{"id":4063,"href":"https:\/\/casapalaciocadiz.com\/de\/wp-json\/wp\/v2\/pages\/3634\/revisions\/4063"}],"wp:attachment":[{"href":"https:\/\/casapalaciocadiz.com\/de\/wp-json\/wp\/v2\/media?parent=3634"}],"curies":[{"name":"wp","href":"https:\/\/api.w.org\/{rel}","templated":true}]}}